{"id":10534,"date":"2023-09-20T14:38:30","date_gmt":"2023-09-20T14:38:30","guid":{"rendered":"https:\/\/circusnext.eu\/a-linternational\/"},"modified":"2023-09-20T16:16:28","modified_gmt":"2023-09-20T16:16:28","slug":"international-outreach","status":"publish","type":"page","link":"https:\/\/circusnext.eu\/en\/international-outreach\/","title":{"rendered":"\u00c0 l&#8217;international"},"content":{"rendered":"\t\t<div data-elementor-type=\"wp-page\" data-elementor-id=\"10534\" class=\"elementor elementor-10534\">\n\t\t\t\t\t\t\t\t\t<section class=\"elementor-section elementor-top-section elementor-element elementor-element-e877a88 elementor-section-boxed elementor-section-height-default elementor-section-height-default\" data-id=\"e877a88\" data-element_type=\"section\" data-settings=\"{&quot;jet_parallax_layout_list&quot;:[]}\">\n\t\t\t\t\t\t<div class=\"elementor-container elementor-column-gap-default\">\n\t\t\t\t\t<div class=\"elementor-column elementor-col-100 elementor-top-column elementor-element elementor-element-10ceb61\" data-id=\"10ceb61\" data-element_type=\"column\">\n\t\t\t<div class=\"elementor-widget-wrap elementor-element-populated\">\n\t\t\t\t\t\t\t\t<div class=\"elementor-element elementor-element-63b3133 acenter elementor-widget elementor-widget-wgl-double-heading\" data-id=\"63b3133\" data-element_type=\"widget\" data-widget_type=\"wgl-double-heading.default\">\n\t\t\t\t<div class=\"elementor-widget-container\">\n\t\t\t<div class=\"wgl-double-heading\"><h3 class=\"dblh__title-wrapper\"><span class=\"dblh__title dblh__title-1\"> International outreach<\/span><\/h3><\/div>\t\t<\/div>\n\t\t\t\t<\/div>\n\t\t\t\t\t<\/div>\n\t\t<\/div>\n\t\t\t\t\t\t\t<\/div>\n\t\t<\/section>\n\t\t<div class=\"elementor-element elementor-element-ccf1738 e-con-boxed e-flex e-con\" data-id=\"ccf1738\" data-element_type=\"container\" data-settings=\"{&quot;jet_parallax_layout_list&quot;:[],&quot;content_width&quot;:&quot;boxed&quot;}\">\n\t\t\t\t\t<div class=\"e-con-inner\">\n\t\t\t\t<div class=\"elementor-element elementor-element-a7ef8e0 elementor-widget elementor-widget-text-editor\" data-id=\"a7ef8e0\" data-element_type=\"widget\" data-widget_type=\"text-editor.default\">\n\t\t\t\t<div class=\"elementor-widget-container\">\n\t\t\t\t\t\t\t<p>circusnext develops connections with countries outside Europe. The association invites artists whose projects have been laureates of the programme to show their work to audiences and collaborate with artists from other continents. These cooperation projects contribute to the development of contemporary circus and its recognition beyond Europe, as well as raising awareness of the circusnext label.<\/p>\t\t\t\t\t\t<\/div>\n\t\t\t\t<\/div>\n\t\t\t\t\t<\/div>\n\t\t\t\t<\/div>\n\t\t<div class=\"elementor-element elementor-element-051178d e-con-boxed e-flex e-con\" data-id=\"051178d\" data-element_type=\"container\" data-settings=\"{&quot;jet_parallax_layout_list&quot;:[],&quot;content_width&quot;:&quot;boxed&quot;}\">\n\t\t\t\t\t<div class=\"e-con-inner\">\n\t\t\t\t<div class=\"elementor-element elementor-element-d1de11a elementor-widget elementor-widget-text-editor\" data-id=\"d1de11a\" data-element_type=\"widget\" data-widget_type=\"text-editor.default\">\n\t\t\t\t<div class=\"elementor-widget-container\">\n\t\t\t\t\t\t\t<h6>Laboratory <em>Mati\u00e8res<\/em> with Inbal Ben Haim and Domitille Martin<\/h6><p><strong>Japan &#8211; July 2023<\/strong><\/p><p>Team members of <em>PLI<\/em> (laureate 2021), Inbal Ben Haim (author) and Domitille Martin (set designer) worked with Japanese circus artists in a research laboratory based on washi, traditional Japanese paper. The programme included working with the body and materials in different spaces and at the heart of a washi factory and sharing experiences with Japanese audiences. The laboratory ended with a final presentation at the Institut Fran\u00e7ais in Tokyo. \u00a0<\/p><p><em>Organised in partnership by Setouchi Circus Factory and circusnext, with the support of Institut Fran\u00e7ais.<\/em><\/p>\t\t\t\t\t\t<\/div>\n\t\t\t\t<\/div>\n\t\t\t\t<div class=\"elementor-element elementor-element-4a679ec elementor-widget elementor-widget-image\" data-id=\"4a679ec\" data-element_type=\"widget\" data-widget_type=\"image.default\">\n\t\t\t\t<div class=\"elementor-widget-container\">\n\t\t\t\t\t\t\t\t\t\t\t\t\t\t\t<img decoding=\"async\" width=\"1024\" height=\"659\" src=\"https:\/\/circusnext.eu\/wp-content\/uploads\/2023\/09\/Frise-Photos-NL-JAPON-2-1024x659.jpg\" class=\"attachment-large size-large wp-image-10520\" alt=\"\" srcset=\"https:\/\/circusnext.eu\/wp-content\/uploads\/2023\/09\/Frise-Photos-NL-JAPON-2-1024x659.jpg 1024w, https:\/\/circusnext.eu\/wp-content\/uploads\/2023\/09\/Frise-Photos-NL-JAPON-2-300x193.jpg 300w, https:\/\/circusnext.eu\/wp-content\/uploads\/2023\/09\/Frise-Photos-NL-JAPON-2-768x495.jpg 768w, https:\/\/circusnext.eu\/wp-content\/uploads\/2023\/09\/Frise-Photos-NL-JAPON-2-1536x989.jpg 1536w, https:\/\/circusnext.eu\/wp-content\/uploads\/2023\/09\/Frise-Photos-NL-JAPON-2-2048x1319.jpg 2048w\" sizes=\"(max-width: 1024px) 100vw, 1024px\" title=\"\">\t\t\t\t\t\t\t\t\t\t\t\t\t\t\t<\/div>\n\t\t\t\t<\/div>\n\t\t\t\t\t<\/div>\n\t\t\t\t<\/div>\n\t\t<div class=\"elementor-element elementor-element-2db4f6b e-con-boxed e-flex e-con\" data-id=\"2db4f6b\" data-element_type=\"container\" data-settings=\"{&quot;jet_parallax_layout_list&quot;:[],&quot;content_width&quot;:&quot;boxed&quot;}\">\n\t\t\t\t\t<div class=\"e-con-inner\">\n\t\t\t\t<div class=\"elementor-element elementor-element-e1baa4d elementor-widget elementor-widget-text-editor\" data-id=\"e1baa4d\" data-element_type=\"widget\" data-widget_type=\"text-editor.default\">\n\t\t\t\t<div class=\"elementor-widget-container\">\n\t\t\t\t\t\t\t<h6>Workshop and performances with Cie Defracto<\/h6><p><strong>South Korea \u2013 September 2021<\/strong><\/p><p>He pulled it off! Guillaume Martinet (Compagnie Defracto, laureate 2010) had to wait 14 days in confinement before he could share his juggling approach with a dozen Korean artists at a Seoul Street Arts Creation Center workshop.<\/p><p>He then performed 4 times his show <em>Cro\u00fbte<\/em> for the audience of the Festival Circus Cabaret in Seoul.<\/p><p><em>Organised by Seoul Street Arts Creation Center and circusnext, with the support of the Institut Fran\u00e7ais and the European Union<\/em><em>.<\/em><\/p>\t\t\t\t\t\t<\/div>\n\t\t\t\t<\/div>\n\t\t\t\t\t<\/div>\n\t\t\t\t<\/div>\n\t\t\t\t\t\t\t<\/div>\n\t\t","protected":false},"excerpt":{"rendered":"<p>\u00c0 l&#8217;international circusnext tisse des liens avec des pays au-del\u00e0 de l\u2019Europe. L\u2019association propose \u00e0 des artistes dont les projets ont \u00e9t\u00e9 laur\u00e9ats du programme, de montrer leurs \u0153uvres \u00e0 des publics et de travailler avec des artistes d\u2019autres continents. Ces projets d\u2019\u00e9change contribuent au d\u00e9veloppement du cirque contemporain et \u00e0 sa reconnaissance au-del\u00e0 de [&hellip;]<\/p>\n","protected":false},"author":4,"featured_media":0,"parent":0,"menu_order":0,"comment_status":"closed","ping_status":"closed","template":"","meta":{"_mo_disable_npp":"","_exactmetrics_skip_tracking":false,"_exactmetrics_sitenote_active":false,"_exactmetrics_sitenote_note":"","_exactmetrics_sitenote_category":0,"_jet_sm_ready_style":"","_jet_sm_style":"","_jet_sm_controls_values":"","_jet_sm_fonts_collection":"","_jet_sm_fonts_links":"","footnotes":""},"class_list":["post-10534","page","type-page","status-publish","hentry"],"_links":{"self":[{"href":"https:\/\/circusnext.eu\/en\/wp-json\/wp\/v2\/pages\/10534","targetHints":{"allow":["GET"]}}],"collection":[{"href":"https:\/\/circusnext.eu\/en\/wp-json\/wp\/v2\/pages"}],"about":[{"href":"https:\/\/circusnext.eu\/en\/wp-json\/wp\/v2\/types\/page"}],"author":[{"embeddable":true,"href":"https:\/\/circusnext.eu\/en\/wp-json\/wp\/v2\/users\/4"}],"replies":[{"embeddable":true,"href":"https:\/\/circusnext.eu\/en\/wp-json\/wp\/v2\/comments?post=10534"}],"version-history":[{"count":15,"href":"https:\/\/circusnext.eu\/en\/wp-json\/wp\/v2\/pages\/10534\/revisions"}],"predecessor-version":[{"id":10591,"href":"https:\/\/circusnext.eu\/en\/wp-json\/wp\/v2\/pages\/10534\/revisions\/10591"}],"wp:attachment":[{"href":"https:\/\/circusnext.eu\/en\/wp-json\/wp\/v2\/media?parent=10534"}],"curies":[{"name":"wp","href":"https:\/\/api.w.org\/{rel}","templated":true}]}}