{"id":19857,"date":"2025-07-08T12:52:46","date_gmt":"2025-07-08T12:52:46","guid":{"rendered":"https:\/\/circusnext.eu\/?page_id=19857"},"modified":"2025-07-16T15:27:16","modified_gmt":"2025-07-16T15:27:16","slug":"selection-of-laureates","status":"publish","type":"page","link":"https:\/\/circusnext.eu\/en\/selection-of-laureates\/","title":{"rendered":"Selection of Laureates"},"content":{"rendered":"\t\t<div data-elementor-type=\"wp-page\" data-elementor-id=\"19857\" class=\"elementor elementor-19857\">\n\t\t\t\t\t\t\t<div class=\"elementor-element elementor-element-6b28c72 e-con-boxed e-flex e-con\" data-id=\"6b28c72\" data-element_type=\"container\" data-settings=\"{&quot;jet_parallax_layout_list&quot;:[],&quot;content_width&quot;:&quot;boxed&quot;}\">\n\t\t\t\t\t<div class=\"e-con-inner\">\n\t\t\t\t<div class=\"elementor-element elementor-element-e20a9e6 elementor-widget elementor-widget-image\" data-id=\"e20a9e6\" data-element_type=\"widget\" data-widget_type=\"image.default\">\n\t\t\t\t<div class=\"elementor-widget-container\">\n\t\t\t\t\t\t\t\t\t\t\t\t<figure class=\"wp-caption\">\n\t\t\t\t\t\t\t\t\t\t<img decoding=\"async\" width=\"1200\" height=\"500\" src=\"https:\/\/circusnext.eu\/wp-content\/uploads\/2025\/07\/En-tete-page-site-selection.jpg\" class=\"attachment-full size-full wp-image-19849\" alt=\"\" srcset=\"https:\/\/circusnext.eu\/wp-content\/uploads\/2025\/07\/En-tete-page-site-selection.jpg 1200w, https:\/\/circusnext.eu\/wp-content\/uploads\/2025\/07\/En-tete-page-site-selection-300x125.jpg 300w, https:\/\/circusnext.eu\/wp-content\/uploads\/2025\/07\/En-tete-page-site-selection-1024x427.jpg 1024w, https:\/\/circusnext.eu\/wp-content\/uploads\/2025\/07\/En-tete-page-site-selection-768x320.jpg 768w\" sizes=\"(max-width: 1200px) 100vw, 1200px\" title=\"\">\t\t\t\t\t\t\t\t\t\t\t<figcaption class=\"widget-image-caption wp-caption-text\">Z Machine \u00a9 Milan Szypura<\/figcaption>\n\t\t\t\t\t\t\t\t\t\t<\/figure>\n\t\t\t\t\t\t\t\t\t<\/div>\n\t\t\t\t<\/div>\n\t\t\t\t\t<\/div>\n\t\t\t\t<\/div>\n\t\t<div class=\"elementor-element elementor-element-899fb6a e-con-boxed e-flex e-con\" data-id=\"899fb6a\" data-element_type=\"container\" data-settings=\"{&quot;jet_parallax_layout_list&quot;:[],&quot;content_width&quot;:&quot;boxed&quot;}\">\n\t\t\t\t\t<div class=\"e-con-inner\">\n\t\t\t\t<div class=\"elementor-element elementor-element-cc7a3ef elementor-widget elementor-widget-spacer\" data-id=\"cc7a3ef\" data-element_type=\"widget\" data-widget_type=\"spacer.default\">\n\t\t\t\t<div class=\"elementor-widget-container\">\n\t\t\t\t\t<div class=\"elementor-spacer\">\n\t\t\t<div class=\"elementor-spacer-inner\"><\/div>\n\t\t<\/div>\n\t\t\t\t<\/div>\n\t\t\t\t<\/div>\n\t\t\t\t<div class=\"elementor-element elementor-element-fc4cdf7 elementor-widget elementor-widget-text-editor\" data-id=\"fc4cdf7\" data-element_type=\"widget\" data-widget_type=\"text-editor.default\">\n\t\t\t\t<div class=\"elementor-widget-container\">\n\t\t\t\t\t\t\t<h3>Selection of Laureates<\/h3>\t\t\t\t\t\t<\/div>\n\t\t\t\t<\/div>\n\t\t\t\t\t<\/div>\n\t\t\t\t<\/div>\n\t\t<div class=\"elementor-element elementor-element-d79fe17 e-con-boxed e-flex e-con\" data-id=\"d79fe17\" data-element_type=\"container\" data-settings=\"{&quot;jet_parallax_layout_list&quot;:[],&quot;content_width&quot;:&quot;boxed&quot;}\">\n\t\t\t\t\t<div class=\"e-con-inner\">\n\t\t\t\t<div class=\"elementor-element elementor-element-6cb7565 elementor-widget elementor-widget-text-editor\" data-id=\"6cb7565\" data-element_type=\"widget\" data-widget_type=\"text-editor.default\">\n\t\t\t\t<div class=\"elementor-widget-container\">\n\t\t\t\t\t\t\t<h4><span data-contrast=\"auto\" xml:lang=\"FR-FR\" lang=\"FR-FR\" class=\"TextRun SCXW96294357 BCX0\"><span class=\"NormalTextRun SpellingErrorV2Themed SCXW96294357 BCX0\"><span data-contrast=\"auto\" xml:lang=\"FR-FR\" lang=\"FR-FR\" class=\"TextRun SCXW49408207 BCX0\"><span class=\"NormalTextRun SCXW49408207 BCX0\"><span data-contrast=\"auto\" xml:lang=\"EN-US\" lang=\"EN-US\" class=\"TextRun SCXW38173105 BCX0\"><span class=\"NormalTextRun SCXW38173105 BCX0\">The<\/span><span class=\"NormalTextRun SCXW38173105 BCX0\"> <\/span><span class=\"NormalTextRun SCXW38173105 BCX0\">final<\/span><span class=\"NormalTextRun SCXW38173105 BCX0\"> <\/span><span class=\"NormalTextRun SCXW38173105 BCX0\">step<\/span><span class=\"NormalTextRun SCXW38173105 BCX0\"> of the<\/span><span class=\"NormalTextRun SCXW38173105 BCX0\"> <\/span><span class=\"NormalTextRun SpellingErrorV2Themed SCXW38173105 BCX0\">circusnext<\/span><span class=\"NormalTextRun SCXW38173105 BCX0\"> Platform<\/span><span class=\"NormalTextRun SCXW38173105 BCX0\"> <\/span><span class=\"NormalTextRun SCXW38173105 BCX0\">selection<\/span><\/span><span class=\"EOP SCXW38173105 BCX0\" data-ccp-props=\"{}\">\u00a0<\/span><\/span><\/span><span class=\"EOP SCXW49408207 BCX0\" data-ccp-props=\"{}\">\u00a0<\/span><\/span><\/span><\/h4>\t\t\t\t\t\t<\/div>\n\t\t\t\t<\/div>\n\t\t\t\t\t<\/div>\n\t\t\t\t<\/div>\n\t\t<div class=\"elementor-element elementor-element-b6e07dd e-con-boxed e-flex e-con\" data-id=\"b6e07dd\" data-element_type=\"container\" data-settings=\"{&quot;jet_parallax_layout_list&quot;:[],&quot;content_width&quot;:&quot;boxed&quot;}\">\n\t\t\t\t\t<div class=\"e-con-inner\">\n\t\t<div class=\"elementor-element elementor-element-2c80e55 e-con-full e-flex e-con\" data-id=\"2c80e55\" data-element_type=\"container\" data-settings=\"{&quot;content_width&quot;:&quot;full&quot;,&quot;jet_parallax_layout_list&quot;:[]}\">\n\t\t\t\t<div class=\"elementor-element elementor-element-700539d elementor-view-default elementor-widget elementor-widget-icon\" data-id=\"700539d\" data-element_type=\"widget\" data-widget_type=\"icon.default\">\n\t\t\t\t<div class=\"elementor-widget-container\">\n\t\t\t\t\t<div class=\"elementor-icon-wrapper\">\n\t\t\t<div class=\"elementor-icon\">\n\t\t\t<i aria-hidden=\"true\" class=\"fas fa-asterisk\"><\/i>\t\t\t<\/div>\n\t\t<\/div>\n\t\t\t\t<\/div>\n\t\t\t\t<\/div>\n\t\t\t\t<\/div>\n\t\t<div class=\"elementor-element elementor-element-22c222f e-con-full e-flex e-con\" data-id=\"22c222f\" data-element_type=\"container\" data-settings=\"{&quot;content_width&quot;:&quot;full&quot;,&quot;jet_parallax_layout_list&quot;:[]}\">\n\t\t\t\t<div class=\"elementor-element elementor-element-14945a8 elementor-widget elementor-widget-text-editor\" data-id=\"14945a8\" data-element_type=\"widget\" data-widget_type=\"text-editor.default\">\n\t\t\t\t<div class=\"elementor-widget-container\">\n\t\t\t\t\t\t\t<h6><strong><span data-contrast=\"auto\" xml:lang=\"FR-FR\" lang=\"FR-FR\" class=\"TextRun SCXW242054572 BCX0\"><span class=\"NormalTextRun SCXW242054572 BCX0\"><span class=\"NormalTextRun SCXW204054096 BCX0\">A <\/span><span class=\"NormalTextRun SpellingErrorV2Themed SCXW204054096 BCX0\">professionnal<\/span><span class=\"NormalTextRun SCXW204054096 BCX0\"> <\/span><span class=\"NormalTextRun SCXW204054096 BCX0\">event <\/span><span class=\"NormalTextRun SCXW204054096 BCX0\">to discover author<\/span><span class=\"NormalTextRun SCXW204054096 BCX0\">s <\/span><span class=\"NormalTextRun SCXW204054096 BCX0\">with o<\/span><span class=\"NormalTextRun SCXW204054096 BCX0\">riginal and innovative approaches<\/span><\/span><\/span><\/strong><\/h6>\t\t\t\t\t\t<\/div>\n\t\t\t\t<\/div>\n\t\t\t\t<\/div>\n\t\t\t\t\t<\/div>\n\t\t\t\t<\/div>\n\t\t<div class=\"elementor-element elementor-element-34e50a7 e-con-boxed e-flex e-con\" data-id=\"34e50a7\" data-element_type=\"container\" data-settings=\"{&quot;jet_parallax_layout_list&quot;:[],&quot;content_width&quot;:&quot;boxed&quot;}\">\n\t\t\t\t\t<div class=\"e-con-inner\">\n\t\t\t\t<div class=\"elementor-element elementor-element-0065952 elementor-widget elementor-widget-text-editor\" data-id=\"0065952\" data-element_type=\"widget\" data-widget_type=\"text-editor.default\">\n\t\t\t\t<div class=\"elementor-widget-container\">\n\t\t\t\t\t\t\t<h6><span data-contrast=\"auto\" xml:lang=\"FR-FR\" lang=\"FR-FR\" class=\"TextRun MacChromeBold SCXW108076433 BCX0\"><span class=\"NormalTextRun SCXW108076433 BCX0\">On stage <\/span><span class=\"NormalTextRun SpellingErrorV2Themed SCXW108076433 BCX0\">presentations<\/span><span class=\"NormalTextRun SCXW108076433 BCX0\"> and interviews <\/span><span class=\"NormalTextRun SpellingErrorV2Themed SCXW108076433 BCX0\">with<\/span><span class=\"NormalTextRun SCXW108076433 BCX0\"> the jury<\/span><\/span><span class=\"EOP SCXW108076433 BCX0\" data-ccp-props=\"{}\">\u00a0<\/span><\/h6>\t\t\t\t\t\t<\/div>\n\t\t\t\t<\/div>\n\t\t\t\t\t<\/div>\n\t\t\t\t<\/div>\n\t\t<div class=\"elementor-element elementor-element-49f499d e-con-boxed e-flex e-con\" data-id=\"49f499d\" data-element_type=\"container\" data-settings=\"{&quot;jet_parallax_layout_list&quot;:[],&quot;content_width&quot;:&quot;boxed&quot;}\">\n\t\t\t\t\t<div class=\"e-con-inner\">\n\t\t<div class=\"elementor-element elementor-element-01a81bb e-con-full e-flex e-con\" data-id=\"01a81bb\" data-element_type=\"container\" data-settings=\"{&quot;content_width&quot;:&quot;full&quot;,&quot;jet_parallax_layout_list&quot;:[]}\">\n\t\t\t\t<div class=\"elementor-element elementor-element-95d7601 elementor-widget elementor-widget-text-editor\" data-id=\"95d7601\" data-element_type=\"widget\" data-widget_type=\"text-editor.default\">\n\t\t\t\t<div class=\"elementor-widget-container\">\n\t\t\t\t\t\t\t<p><span data-contrast=\"auto\">Every year, the Selection of Laureates brings together the finalist projects at the Th\u00e9\u00e2tre de la Cit\u00e9 internationale in Paris for the final stage of the circusnext Platform selection process.<\/span><span data-ccp-props=\"{&quot;335559738&quot;:240,&quot;335559739&quot;:240}\">&nbsp;<\/span><\/p>\n<p><span data-contrast=\"auto\">The creators present a 20-minute work-in-progress on stage in front of a European professional audience: the jury, representatives of European partner venues, and an invited professional audience.<\/span><span data-ccp-props=\"{&quot;335559738&quot;:240,&quot;335559739&quot;:240}\">&nbsp;<\/span><\/p>\n<p><span data-contrast=\"auto\">In parallel with these presentations, each author meets for an hour with the jury, who will select the 4 laureate projects.<\/span><span data-ccp-props=\"{&quot;335559738&quot;:240,&quot;335559739&quot;:240}\">&nbsp;<\/span><\/p>\t\t\t\t\t\t<\/div>\n\t\t\t\t<\/div>\n\t\t\t\t<\/div>\n\t\t\t\t\t<\/div>\n\t\t\t\t<\/div>\n\t\t<div class=\"elementor-element elementor-element-c966bcc e-con-boxed e-flex e-con\" data-id=\"c966bcc\" data-element_type=\"container\" data-settings=\"{&quot;jet_parallax_layout_list&quot;:[],&quot;content_width&quot;:&quot;boxed&quot;}\">\n\t\t\t\t\t<div class=\"e-con-inner\">\n\t\t\t\t<div class=\"elementor-element elementor-element-fa2cce4 elementor-widget elementor-widget-text-editor\" data-id=\"fa2cce4\" data-element_type=\"widget\" data-widget_type=\"text-editor.default\">\n\t\t\t\t<div class=\"elementor-widget-container\">\n\t\t\t\t\t\t\t<h6><span data-contrast=\"auto\" xml:lang=\"FR-FR\" lang=\"FR-FR\" class=\"TextRun MacChromeBold SCXW160966338 BCX0\"><span class=\"NormalTextRun SpellingErrorV2Themed SCXW160966338 BCX0\">Encounters<\/span><span class=\"NormalTextRun SCXW160966338 BCX0\"> <\/span><span class=\"NormalTextRun SpellingErrorV2Themed SCXW160966338 BCX0\">between<\/span><span class=\"NormalTextRun SCXW160966338 BCX0\"> <\/span><span class=\"NormalTextRun SpellingErrorV2Themed SCXW160966338 BCX0\">artists<\/span><span class=\"NormalTextRun SCXW160966338 BCX0\"> and <\/span><span class=\"NormalTextRun SpellingErrorV2Themed SCXW160966338 BCX0\">professionals<\/span><span class=\"NormalTextRun SCXW160966338 BCX0\">\u00a0<\/span><\/span><span class=\"EOP SCXW160966338 BCX0\" data-ccp-props=\"{}\">\u00a0<\/span><\/h6>\t\t\t\t\t\t<\/div>\n\t\t\t\t<\/div>\n\t\t\t\t\t<\/div>\n\t\t\t\t<\/div>\n\t\t<div class=\"elementor-element elementor-element-503ace9 e-con-boxed e-flex e-con\" data-id=\"503ace9\" data-element_type=\"container\" data-settings=\"{&quot;jet_parallax_layout_list&quot;:[],&quot;content_width&quot;:&quot;boxed&quot;}\">\n\t\t\t\t\t<div class=\"e-con-inner\">\n\t\t<div class=\"elementor-element elementor-element-1e40fed e-con-full e-flex e-con\" data-id=\"1e40fed\" data-element_type=\"container\" data-settings=\"{&quot;content_width&quot;:&quot;full&quot;,&quot;jet_parallax_layout_list&quot;:[]}\">\n\t\t\t\t<div class=\"elementor-element elementor-element-e1d05db elementor-widget elementor-widget-text-editor\" data-id=\"e1d05db\" data-element_type=\"widget\" data-widget_type=\"text-editor.default\">\n\t\t\t\t<div class=\"elementor-widget-container\">\n\t\t\t\t\t\t\t<p><span data-contrast=\"auto\" xml:lang=\"EN-US\" lang=\"EN-US\" class=\"TextRun SCXW162592180 BCX0\"><span class=\"NormalTextRun ContextualSpellingAndGrammarErrorV2Themed GrammarErrorHighlight SCXW162592180 BCX0\">Times for<\/span><span class=\"NormalTextRun SCXW162592180 BCX0\"> exchanges and meetings are <\/span><span class=\"NormalTextRun SpellingErrorV2Themed SCXW162592180 BCX0\">organised<\/span><span class=\"NormalTextRun SCXW162592180 BCX0\"> throughout the week to allow artists to present their projects to professionals and create networking opportunities within the European network.<\/span><\/span><span class=\"EOP SCXW162592180 BCX0\" data-ccp-props=\"{}\">\u00a0<\/span>\u00a0<\/p>\t\t\t\t\t\t<\/div>\n\t\t\t\t<\/div>\n\t\t\t\t<\/div>\n\t\t\t\t\t<\/div>\n\t\t\t\t<\/div>\n\t\t<div class=\"elementor-element elementor-element-a1c02fb e-con-boxed e-flex e-con\" data-id=\"a1c02fb\" data-element_type=\"container\" data-settings=\"{&quot;jet_parallax_layout_list&quot;:[],&quot;content_width&quot;:&quot;boxed&quot;}\">\n\t\t\t\t\t<div class=\"e-con-inner\">\n\t\t\t\t<div class=\"elementor-element elementor-element-84aeacd elementor-widget-divider--view-line elementor-widget elementor-widget-divider\" data-id=\"84aeacd\" data-element_type=\"widget\" data-widget_type=\"divider.default\">\n\t\t\t\t<div class=\"elementor-widget-container\">\n\t\t\t\t\t<div class=\"elementor-divider\">\n\t\t\t<span class=\"elementor-divider-separator\">\n\t\t\t\t\t\t<\/span>\n\t\t<\/div>\n\t\t\t\t<\/div>\n\t\t\t\t<\/div>\n\t\t\t\t\t<\/div>\n\t\t\t\t<\/div>\n\t\t<div class=\"elementor-element elementor-element-306eda6 e-con-boxed e-flex e-con\" data-id=\"306eda6\" data-element_type=\"container\" data-settings=\"{&quot;jet_parallax_layout_list&quot;:[],&quot;content_width&quot;:&quot;boxed&quot;}\">\n\t\t\t\t\t<div class=\"e-con-inner\">\n\t\t\t\t<div class=\"elementor-element elementor-element-2203635 elementor-widget elementor-widget-text-editor\" data-id=\"2203635\" data-element_type=\"widget\" data-widget_type=\"text-editor.default\">\n\t\t\t\t<div class=\"elementor-widget-container\">\n\t\t\t\t\t\t\t<h6><span class=\"NormalTextRun SCXW24170101 BCX0\">Next <\/span><span class=\"NormalTextRun SpellingErrorV2Themed SCXW24170101 BCX0\">event:<\/span><\/h6>\t\t\t\t\t\t<\/div>\n\t\t\t\t<\/div>\n\t\t\t\t\t<\/div>\n\t\t\t\t<\/div>\n\t\t<div class=\"elementor-element elementor-element-cb6d34c e-con-boxed e-flex e-con\" data-id=\"cb6d34c\" data-element_type=\"container\" data-settings=\"{&quot;jet_parallax_layout_list&quot;:[],&quot;content_width&quot;:&quot;boxed&quot;}\">\n\t\t\t\t\t<div class=\"e-con-inner\">\n\t\t\t\t<div class=\"elementor-element elementor-element-caa7367 elementor-widget elementor-widget-text-editor\" data-id=\"caa7367\" data-element_type=\"widget\" data-widget_type=\"text-editor.default\">\n\t\t\t\t<div class=\"elementor-widget-container\">\n\t\t\t\t\t\t\t<p><strong><span data-contrast=\"auto\" xml:lang=\"FR-FR\" lang=\"FR-FR\" class=\"TextRun SCXW87732470 BCX0\"><span class=\"NormalTextRun SCXW87732470 BCX0\">2026 <\/span><\/span><\/strong><span data-contrast=\"auto\" xml:lang=\"EN-US\" lang=\"EN-US\" class=\"TextRun SCXW87732470 BCX0\"><strong><span class=\"NormalTextRun SCXW87732470 BCX0\">Selection of <\/span><\/strong><span class=\"NormalTextRun SCXW87732470 BCX0\"><strong>Laureates<\/strong> &#8211;<\/span><\/span><span data-contrast=\"auto\" xml:lang=\"FR-FR\" lang=\"FR-FR\" class=\"TextRun SCXW87732470 BCX0\"><span class=\"NormalTextRun SCXW87732470 BCX0\">\u00a0<\/span><span class=\"NormalTextRun SCXW87732470 BCX0\">S<\/span><span class=\"NormalTextRun SCXW87732470 BCX0\">eptembre 2026\u00a0<\/span><\/span><span class=\"EOP SCXW87732470 BCX0\" data-ccp-props=\"{}\">\u00a0<\/span><\/p>\t\t\t\t\t\t<\/div>\n\t\t\t\t<\/div>\n\t\t\t\t\t<\/div>\n\t\t\t\t<\/div>\n\t\t<div class=\"elementor-element elementor-element-81ae4cb e-con-boxed e-flex e-con\" data-id=\"81ae4cb\" data-element_type=\"container\" data-settings=\"{&quot;jet_parallax_layout_list&quot;:[],&quot;content_width&quot;:&quot;boxed&quot;}\">\n\t\t\t\t\t<div class=\"e-con-inner\">\n\t\t\t\t<div class=\"elementor-element elementor-element-4ae94d3 elementor-widget-divider--view-line elementor-widget elementor-widget-divider\" data-id=\"4ae94d3\" data-element_type=\"widget\" data-widget_type=\"divider.default\">\n\t\t\t\t<div class=\"elementor-widget-container\">\n\t\t\t\t\t<div class=\"elementor-divider\">\n\t\t\t<span class=\"elementor-divider-separator\">\n\t\t\t\t\t\t<\/span>\n\t\t<\/div>\n\t\t\t\t<\/div>\n\t\t\t\t<\/div>\n\t\t\t\t\t<\/div>\n\t\t\t\t<\/div>\n\t\t<div class=\"elementor-element elementor-element-ace6066 e-con-boxed e-flex e-con\" data-id=\"ace6066\" data-element_type=\"container\" data-settings=\"{&quot;jet_parallax_layout_list&quot;:[],&quot;content_width&quot;:&quot;boxed&quot;}\">\n\t\t\t\t\t<div class=\"e-con-inner\">\n\t\t\t\t<div class=\"elementor-element elementor-element-02aa17b elementor-widget elementor-widget-text-editor\" data-id=\"02aa17b\" data-element_type=\"widget\" data-widget_type=\"text-editor.default\">\n\t\t\t\t<div class=\"elementor-widget-container\">\n\t\t\t\t\t\t\t<p><em><span data-contrast=\"auto\" xml:lang=\"FR-FR\" lang=\"FR-FR\" class=\"TextRun SCXW3221894 BCX0\"><span class=\"NormalTextRun SCXW3221894 BCX0\">* The <\/span><span class=\"NormalTextRun SpellingErrorV2Themed SCXW3221894 BCX0\">Selection<\/span><span class=\"NormalTextRun SCXW3221894 BCX0\"> of <\/span><span class=\"NormalTextRun SpellingErrorV2Themed SCXW3221894 BCX0\">Laureates<\/span><span class=\"NormalTextRun SCXW3221894 BCX0\"> <\/span><span class=\"NormalTextRun SpellingErrorV2Themed SCXW3221894 BCX0\">is<\/span><span class=\"NormalTextRun SCXW3221894 BCX0\"> an <\/span><span class=\"NormalTextRun SpellingErrorV2Themed SCXW3221894 BCX0\">event<\/span><span class=\"NormalTextRun SCXW3221894 BCX0\"> <\/span><span class=\"NormalTextRun SpellingErrorV2Themed SCXW3221894 BCX0\">reserved<\/span><span class=\"NormalTextRun SCXW3221894 BCX0\"> for <\/span><span class=\"NormalTextRun SpellingErrorV2Themed SCXW3221894 BCX0\">professionals<\/span><span class=\"NormalTextRun SCXW3221894 BCX0\"> \u2013 by invitation <\/span><span class=\"NormalTextRun SpellingErrorV2Themed SCXW3221894 BCX0\">only<\/span><span class=\"NormalTextRun SCXW3221894 BCX0\">.<\/span><\/span><span class=\"EOP SCXW3221894 BCX0\" data-ccp-props=\"{&quot;335559739&quot;:0}\">\u00a0<\/span><\/em><\/p>\t\t\t\t\t\t<\/div>\n\t\t\t\t<\/div>\n\t\t\t\t\t<\/div>\n\t\t\t\t<\/div>\n\t\t<div class=\"elementor-element elementor-element-3e53739 e-con-boxed e-flex e-con\" data-id=\"3e53739\" data-element_type=\"container\" data-settings=\"{&quot;jet_parallax_layout_list&quot;:[],&quot;content_width&quot;:&quot;boxed&quot;}\">\n\t\t\t\t\t<div class=\"e-con-inner\">\n\t\t\t\t<div class=\"elementor-element elementor-element-b3d2923 elementor-widget elementor-widget-shortcode\" data-id=\"b3d2923\" data-element_type=\"widget\" data-widget_type=\"shortcode.default\">\n\t\t\t\t<div class=\"elementor-widget-container\">\n\t\t\t\t\t<div class=\"elementor-shortcode\"><h3 class=\"crp-list-title\">Related Posts<\/h3><ul class=\"crp-list\"><li class=\"crp-list-item crp-list-item-image-none\"><div class=\"crp-list-item-meta\"><div class=\"crp-list-item-meta-row\"><span class=\"crp-list-item-date\">March 27, 2025<\/span><span class=\"crp-list-item-categories post_categories\"><a href=\"https:\/\/circusnext.eu\/en\/category\/selection-en\/\">SELECTION<\/a><\/span><\/div><\/div><div class=\"crp-list-item-title\"><a href=\"https:\/\/circusnext.eu\/en\/selection-of-the-2025-laureates\/\">Selection of the 2025 Laureates<\/a><\/div><a href=\"https:\/\/circusnext.eu\/en\/selection-of-the-2025-laureates\/\" class=\"button-read-more\"><span>READ MORE<\/span><i class=\"flaticon flaticon-right-arrow read-more-icon\"><\/i><\/a><\/li><li class=\"crp-list-item crp-list-item-image-none\"><div class=\"crp-list-item-meta\"><div class=\"crp-list-item-meta-row\"><span class=\"crp-list-item-date\">April 9, 2024<\/span><span class=\"crp-list-item-categories post_categories\"><a href=\"https:\/\/circusnext.eu\/en\/category\/selection-en\/\">SELECTION<\/a><\/span><\/div><\/div><div class=\"crp-list-item-title\"><a href=\"https:\/\/circusnext.eu\/en\/selection-of-the-2024-laureates\/\">Selection of the 2024 Laureates<\/a><\/div><a href=\"https:\/\/circusnext.eu\/en\/selection-of-the-2024-laureates\/\" class=\"button-read-more\"><span>READ MORE<\/span><i class=\"flaticon flaticon-right-arrow read-more-icon\"><\/i><\/a><\/li><\/ul><\/div>\n\t\t\t\t<\/div>\n\t\t\t\t<\/div>\n\t\t\t\t\t<\/div>\n\t\t\t\t<\/div>\n\t\t\t\t\t\t\t<\/div>\n\t\t","protected":false},"excerpt":{"rendered":"<p>Z Machine \u00a9 Milan Szypura Selection of Laureates The final step of the circusnext Platform selection\u00a0\u00a0 A professionnal event to discover authors with original and innovative approaches On stage presentations and interviews with the jury\u00a0 Every year, the Selection of Laureates brings together the finalist projects at the Th\u00e9\u00e2tre de la Cit\u00e9 internationale in Paris [&hellip;]<\/p>\n","protected":false},"author":4,"featured_media":0,"parent":0,"menu_order":0,"comment_status":"closed","ping_status":"closed","template":"","meta":{"_mo_disable_npp":"","_exactmetrics_skip_tracking":false,"_exactmetrics_sitenote_active":false,"_exactmetrics_sitenote_note":"","_exactmetrics_sitenote_category":0,"_jet_sm_ready_style":"","_jet_sm_style":"","_jet_sm_controls_values":"","_jet_sm_fonts_collection":"","_jet_sm_fonts_links":"","footnotes":""},"class_list":["post-19857","page","type-page","status-publish","hentry"],"_links":{"self":[{"href":"https:\/\/circusnext.eu\/en\/wp-json\/wp\/v2\/pages\/19857","targetHints":{"allow":["GET"]}}],"collection":[{"href":"https:\/\/circusnext.eu\/en\/wp-json\/wp\/v2\/pages"}],"about":[{"href":"https:\/\/circusnext.eu\/en\/wp-json\/wp\/v2\/types\/page"}],"author":[{"embeddable":true,"href":"https:\/\/circusnext.eu\/en\/wp-json\/wp\/v2\/users\/4"}],"replies":[{"embeddable":true,"href":"https:\/\/circusnext.eu\/en\/wp-json\/wp\/v2\/comments?post=19857"}],"version-history":[{"count":25,"href":"https:\/\/circusnext.eu\/en\/wp-json\/wp\/v2\/pages\/19857\/revisions"}],"predecessor-version":[{"id":20045,"href":"https:\/\/circusnext.eu\/en\/wp-json\/wp\/v2\/pages\/19857\/revisions\/20045"}],"wp:attachment":[{"href":"https:\/\/circusnext.eu\/en\/wp-json\/wp\/v2\/media?parent=19857"}],"curies":[{"name":"wp","href":"https:\/\/api.w.org\/{rel}","templated":true}]}}