{"id":19887,"date":"2025-07-07T14:15:47","date_gmt":"2025-07-07T14:15:47","guid":{"rendered":"https:\/\/circusnext.eu\/?page_id=19887"},"modified":"2025-07-08T12:58:28","modified_gmt":"2025-07-08T12:58:28","slug":"revelations","status":"publish","type":"page","link":"https:\/\/circusnext.eu\/en\/revelations\/","title":{"rendered":"Revelations"},"content":{"rendered":"\t\t<div data-elementor-type=\"wp-page\" data-elementor-id=\"19887\" class=\"elementor elementor-19887\">\n\t\t\t\t\t\t\t<div class=\"elementor-element elementor-element-e97333c e-con-boxed e-flex e-con\" data-id=\"e97333c\" data-element_type=\"container\" data-settings=\"{&quot;jet_parallax_layout_list&quot;:[],&quot;content_width&quot;:&quot;boxed&quot;}\">\n\t\t\t\t\t<div class=\"e-con-inner\">\n\t\t\t\t<div class=\"elementor-element elementor-element-f9d9312 elementor-widget elementor-widget-image\" data-id=\"f9d9312\" data-element_type=\"widget\" data-widget_type=\"image.default\">\n\t\t\t\t<div class=\"elementor-widget-container\">\n\t\t\t\t\t\t\t\t\t\t\t\t<figure class=\"wp-caption\">\n\t\t\t\t\t\t\t\t\t\t<img decoding=\"async\" width=\"1200\" height=\"500\" src=\"https:\/\/circusnext.eu\/wp-content\/uploads\/2025\/07\/En-tete-page-site-revelations.jpg\" class=\"attachment-full size-full wp-image-19873\" alt=\"\" srcset=\"https:\/\/circusnext.eu\/wp-content\/uploads\/2025\/07\/En-tete-page-site-revelations.jpg 1200w, https:\/\/circusnext.eu\/wp-content\/uploads\/2025\/07\/En-tete-page-site-revelations-300x125.jpg 300w, https:\/\/circusnext.eu\/wp-content\/uploads\/2025\/07\/En-tete-page-site-revelations-1024x427.jpg 1024w, https:\/\/circusnext.eu\/wp-content\/uploads\/2025\/07\/En-tete-page-site-revelations-768x320.jpg 768w\" sizes=\"(max-width: 1200px) 100vw, 1200px\" title=\"\">\t\t\t\t\t\t\t\t\t\t\t<figcaption class=\"widget-image-caption wp-caption-text\">La V\u00edspera \u00a9 Joseph Banderet<\/figcaption>\n\t\t\t\t\t\t\t\t\t\t<\/figure>\n\t\t\t\t\t\t\t\t\t<\/div>\n\t\t\t\t<\/div>\n\t\t\t\t\t<\/div>\n\t\t\t\t<\/div>\n\t\t<div class=\"elementor-element elementor-element-8f08cae e-con-boxed e-flex e-con\" data-id=\"8f08cae\" data-element_type=\"container\" data-settings=\"{&quot;jet_parallax_layout_list&quot;:[],&quot;content_width&quot;:&quot;boxed&quot;}\">\n\t\t\t\t\t<div class=\"e-con-inner\">\n\t\t\t\t<div class=\"elementor-element elementor-element-f630d46 elementor-widget elementor-widget-spacer\" data-id=\"f630d46\" data-element_type=\"widget\" data-widget_type=\"spacer.default\">\n\t\t\t\t<div class=\"elementor-widget-container\">\n\t\t\t\t\t<div class=\"elementor-spacer\">\n\t\t\t<div class=\"elementor-spacer-inner\"><\/div>\n\t\t<\/div>\n\t\t\t\t<\/div>\n\t\t\t\t<\/div>\n\t\t\t\t<div class=\"elementor-element elementor-element-b58a039 elementor-widget elementor-widget-text-editor\" data-id=\"b58a039\" data-element_type=\"widget\" data-widget_type=\"text-editor.default\">\n\t\t\t\t<div class=\"elementor-widget-container\">\n\t\t\t\t\t\t\t<h3>circusnext Revelations<\/h3>\t\t\t\t\t\t<\/div>\n\t\t\t\t<\/div>\n\t\t\t\t\t<\/div>\n\t\t\t\t<\/div>\n\t\t<div class=\"elementor-element elementor-element-3a9cdf2 e-con-boxed e-flex e-con\" data-id=\"3a9cdf2\" data-element_type=\"container\" data-settings=\"{&quot;jet_parallax_layout_list&quot;:[],&quot;content_width&quot;:&quot;boxed&quot;}\">\n\t\t\t\t\t<div class=\"e-con-inner\">\n\t\t\t\t<div class=\"elementor-element elementor-element-290e201 elementor-widget elementor-widget-text-editor\" data-id=\"290e201\" data-element_type=\"widget\" data-widget_type=\"text-editor.default\">\n\t\t\t\t<div class=\"elementor-widget-container\">\n\t\t\t\t\t\t\t<h4><span data-contrast=\"none\" xml:lang=\"EN-US\" lang=\"EN-US\" class=\"TextRun SCXW238308160 BCX0\"><span class=\"NormalTextRun SCXW238308160 BCX0\">The <\/span><span class=\"NormalTextRun SpellingErrorV2Themed SCXW238308160 BCX0\">circusnext<\/span><span class=\"NormalTextRun SCXW238308160 BCX0\"> <\/span><span class=\"NormalTextRun SCXW238308160 BCX0\">p<\/span><span class=\"NormalTextRun SCXW238308160 BCX0\">latform Laureates on stage: <\/span><\/span><span data-contrast=\"auto\" xml:lang=\"EN-US\" lang=\"EN-US\" class=\"TextRun SCXW238308160 BCX0\"><span class=\"NormalTextRun SCXW238308160 BCX0\">A public event to discover emerging voices in contemporary circus<\/span><\/span><\/h4>\t\t\t\t\t\t<\/div>\n\t\t\t\t<\/div>\n\t\t\t\t\t<\/div>\n\t\t\t\t<\/div>\n\t\t<div class=\"elementor-element elementor-element-69af7cd e-con-boxed e-flex e-con\" data-id=\"69af7cd\" data-element_type=\"container\" data-settings=\"{&quot;jet_parallax_layout_list&quot;:[],&quot;content_width&quot;:&quot;boxed&quot;}\">\n\t\t\t\t\t<div class=\"e-con-inner\">\n\t\t<div class=\"elementor-element elementor-element-a5aaddc e-con-full e-flex e-con\" data-id=\"a5aaddc\" data-element_type=\"container\" data-settings=\"{&quot;content_width&quot;:&quot;full&quot;,&quot;jet_parallax_layout_list&quot;:[]}\">\n\t\t\t\t<div class=\"elementor-element elementor-element-19208da elementor-view-default elementor-widget elementor-widget-icon\" data-id=\"19208da\" data-element_type=\"widget\" data-widget_type=\"icon.default\">\n\t\t\t\t<div class=\"elementor-widget-container\">\n\t\t\t\t\t<div class=\"elementor-icon-wrapper\">\n\t\t\t<div class=\"elementor-icon\">\n\t\t\t<i aria-hidden=\"true\" class=\"fas fa-asterisk\"><\/i>\t\t\t<\/div>\n\t\t<\/div>\n\t\t\t\t<\/div>\n\t\t\t\t<\/div>\n\t\t\t\t<\/div>\n\t\t<div class=\"elementor-element elementor-element-caec34e e-con-full e-flex e-con\" data-id=\"caec34e\" data-element_type=\"container\" data-settings=\"{&quot;content_width&quot;:&quot;full&quot;,&quot;jet_parallax_layout_list&quot;:[]}\">\n\t\t\t\t<div class=\"elementor-element elementor-element-b18902c elementor-widget elementor-widget-text-editor\" data-id=\"b18902c\" data-element_type=\"widget\" data-widget_type=\"text-editor.default\">\n\t\t\t\t<div class=\"elementor-widget-container\">\n\t\t\t\t\t\t\t<p><span data-contrast=\"auto\" xml:lang=\"EN-US\" lang=\"EN-US\" class=\"TextRun SCXW147726237 BCX0\"><span class=\"NormalTextRun SCXW147726237 BCX0\">Each year, the <\/span><\/span><span data-contrast=\"auto\" xml:lang=\"EN-US\" lang=\"EN-US\" class=\"TextRun SCXW147726237 BCX0\"><span class=\"NormalTextRun SpellingErrorV2Themed SCXW147726237 BCX0\">circusnext<\/span><span class=\"NormalTextRun SCXW147726237 BCX0\"> laureate companies, selected from 12 finalists, present a fragment of their work-in-progress to the public at the Th\u00e9\u00e2tre de la Cit\u00e9 <\/span><span class=\"NormalTextRun SpellingErrorV2Themed SCXW147726237 BCX0\">i<\/span><\/span><span data-contrast=\"auto\" xml:lang=\"EN-US\" lang=\"EN-US\" class=\"TextRun SCXW147726237 BCX0\"><span class=\"NormalTextRun SpellingErrorV2Themed SCXW147726237 BCX0\">nternationale<\/span><\/span><span class=\"EOP SCXW147726237 BCX0\" data-ccp-props=\"{}\">\u00a0<\/span><\/p>\t\t\t\t\t\t<\/div>\n\t\t\t\t<\/div>\n\t\t\t\t<\/div>\n\t\t\t\t\t<\/div>\n\t\t\t\t<\/div>\n\t\t<div class=\"elementor-element elementor-element-72063a3 e-con-boxed e-flex e-con\" data-id=\"72063a3\" data-element_type=\"container\" data-settings=\"{&quot;jet_parallax_layout_list&quot;:[],&quot;content_width&quot;:&quot;boxed&quot;}\">\n\t\t\t\t\t<div class=\"e-con-inner\">\n\t\t\t\t<div class=\"elementor-element elementor-element-8663e71 elementor-widget elementor-widget-text-editor\" data-id=\"8663e71\" data-element_type=\"widget\" data-widget_type=\"text-editor.default\">\n\t\t\t\t<div class=\"elementor-widget-container\">\n\t\t\t\t\t\t\t<h6><span data-contrast=\"auto\" xml:lang=\"FR-FR\" lang=\"FR-FR\" class=\"TextRun MacChromeBold SCXW65642760 BCX0\"><span class=\"NormalTextRun SCXW65642760 BCX0\">4 <\/span><span class=\"NormalTextRun SpellingErrorV2Themed SCXW65642760 BCX0\">contemporary<\/span><span class=\"NormalTextRun SCXW65642760 BCX0\"> <\/span><span class=\"NormalTextRun SpellingErrorV2Themed SCXW65642760 BCX0\">circus<\/span><span class=\"NormalTextRun SCXW65642760 BCX0\"> <\/span><span class=\"NormalTextRun SpellingErrorV2Themed SCXW65642760 BCX0\">work<\/span><span class=\"NormalTextRun SCXW65642760 BCX0\">-in-<\/span><span class=\"NormalTextRun SpellingErrorV2Themed SCXW65642760 BCX0\">progress<\/span><span class=\"NormalTextRun SCXW65642760 BCX0\"> <\/span><span class=\"NormalTextRun SCXW65642760 BCX0\">in<\/span><span class=\"NormalTextRun SCXW65642760 BCX0\"> one <\/span><span class=\"NormalTextRun SpellingErrorV2Themed SCXW65642760 BCX0\">evening<\/span><\/span><\/h6>\t\t\t\t\t\t<\/div>\n\t\t\t\t<\/div>\n\t\t\t\t\t<\/div>\n\t\t\t\t<\/div>\n\t\t<div class=\"elementor-element elementor-element-f2659df e-con-boxed e-flex e-con\" data-id=\"f2659df\" data-element_type=\"container\" data-settings=\"{&quot;jet_parallax_layout_list&quot;:[],&quot;content_width&quot;:&quot;boxed&quot;}\">\n\t\t\t\t\t<div class=\"e-con-inner\">\n\t\t<div class=\"elementor-element elementor-element-3ca04e8 e-con-full e-flex e-con\" data-id=\"3ca04e8\" data-element_type=\"container\" data-settings=\"{&quot;content_width&quot;:&quot;full&quot;,&quot;jet_parallax_layout_list&quot;:[]}\">\n\t\t\t\t<div class=\"elementor-element elementor-element-e488e85 elementor-widget elementor-widget-text-editor\" data-id=\"e488e85\" data-element_type=\"widget\" data-widget_type=\"text-editor.default\">\n\t\t\t\t<div class=\"elementor-widget-container\">\n\t\t\t\t\t\t\t<p><span data-contrast=\"auto\" xml:lang=\"FR-FR\" lang=\"FR-FR\" class=\"TextRun SCXW266330855 BCX0\"><span class=\"NormalTextRun SCXW266330855 BCX0\">4 <\/span><span class=\"NormalTextRun ContextualSpellingAndGrammarErrorV2Themed SCXW266330855 BCX0\">short<\/span><span class=\"NormalTextRun SCXW266330855 BCX0\"> performances, 4 <\/span><span class=\"NormalTextRun SpellingErrorV2Themed SCXW266330855 BCX0\">different<\/span><span class=\"NormalTextRun SCXW266330855 BCX0\"> <\/span><span class=\"NormalTextRun SpellingErrorV2Themed SCXW266330855 BCX0\">artistic<\/span><span class=\"NormalTextRun SCXW266330855 BCX0\"> <\/span><span class=\"NormalTextRun SpellingErrorV2Themed SCXW266330855 BCX0\">worlds<\/span><span class=\"NormalTextRun SCXW266330855 BCX0\">. A format <\/span><span class=\"NormalTextRun SpellingErrorV2Themed SCXW266330855 BCX0\">that<\/span><span class=\"NormalTextRun SCXW266330855 BCX0\"> <\/span><span class=\"NormalTextRun SpellingErrorV2Themed SCXW266330855 BCX0\">offers<\/span><span class=\"NormalTextRun SCXW266330855 BCX0\"> a panorama of <\/span><span class=\"NormalTextRun SpellingErrorV2Themed SCXW266330855 BCX0\">contemporary<\/span><span class=\"NormalTextRun SCXW266330855 BCX0\"> <\/span><span class=\"NormalTextRun SpellingErrorV2Themed SCXW266330855 BCX0\">circus<\/span><span class=\"NormalTextRun SCXW266330855 BCX0\"> to <\/span><span class=\"NormalTextRun SpellingErrorV2Themed SCXW266330855 BCX0\">raise<\/span><span class=\"NormalTextRun SCXW266330855 BCX0\"> <\/span><span class=\"NormalTextRun SpellingErrorV2Themed SCXW266330855 BCX0\">awareness<\/span><span class=\"NormalTextRun SCXW266330855 BCX0\"> <\/span><span class=\"NormalTextRun SpellingErrorV2Themed SCXW266330855 BCX0\">among<\/span><span class=\"NormalTextRun SCXW266330855 BCX0\"> audiences about the <\/span><span class=\"NormalTextRun SpellingErrorV2Themed SCXW266330855 BCX0\">diversity<\/span><span class=\"NormalTextRun SCXW266330855 BCX0\"> of <\/span><span class=\"NormalTextRun SpellingErrorV2Themed SCXW266330855 BCX0\">circus<\/span><span class=\"NormalTextRun SCXW266330855 BCX0\"> expressions.<\/span><\/span><span class=\"EOP SCXW266330855 BCX0\" data-ccp-props=\"{}\">\u00a0<\/span><\/p>\t\t\t\t\t\t<\/div>\n\t\t\t\t<\/div>\n\t\t\t\t<\/div>\n\t\t\t\t\t<\/div>\n\t\t\t\t<\/div>\n\t\t<div class=\"elementor-element elementor-element-ca7b742 e-con-boxed e-flex e-con\" data-id=\"ca7b742\" data-element_type=\"container\" data-settings=\"{&quot;jet_parallax_layout_list&quot;:[],&quot;content_width&quot;:&quot;boxed&quot;}\">\n\t\t\t\t\t<div class=\"e-con-inner\">\n\t\t\t\t<div class=\"elementor-element elementor-element-2161f6a elementor-widget elementor-widget-text-editor\" data-id=\"2161f6a\" data-element_type=\"widget\" data-widget_type=\"text-editor.default\">\n\t\t\t\t<div class=\"elementor-widget-container\">\n\t\t\t\t\t\t\t<h6><span class=\"NormalTextRun SCXW81718676 BCX0\">An <\/span><span class=\"NormalTextRun SpellingErrorV2Themed SCXW81718676 BCX0\">opportunity<\/span><span class=\"NormalTextRun SCXW81718676 BCX0\"> to <\/span><span class=\"NormalTextRun SpellingErrorV2Themed SCXW81718676 BCX0\">foster<\/span><span class=\"NormalTextRun SCXW81718676 BCX0\"> connections<\/span><\/h6>\t\t\t\t\t\t<\/div>\n\t\t\t\t<\/div>\n\t\t\t\t\t<\/div>\n\t\t\t\t<\/div>\n\t\t<div class=\"elementor-element elementor-element-9082e22 e-con-boxed e-flex e-con\" data-id=\"9082e22\" data-element_type=\"container\" data-settings=\"{&quot;jet_parallax_layout_list&quot;:[],&quot;content_width&quot;:&quot;boxed&quot;}\">\n\t\t\t\t\t<div class=\"e-con-inner\">\n\t\t\t\t<div class=\"elementor-element elementor-element-58573db elementor-widget elementor-widget-text-editor\" data-id=\"58573db\" data-element_type=\"widget\" data-widget_type=\"text-editor.default\">\n\t\t\t\t<div class=\"elementor-widget-container\">\n\t\t\t\t\t\t\t<p><span data-contrast=\"auto\" xml:lang=\"EN-US\" lang=\"EN-US\" class=\"TextRun SCXW53311385 BCX0\"><span class=\"NormalTextRun SCXW53311385 BCX0\">For the laureate creators, this event offers the chance to present their work to a large audience of circus enthusiasts, curious newcomers, and professionals, gathering valuable feedback. Artists can also find <\/span><span class=\"NormalTextRun SCXW53311385 BCX0\">new support<\/span><span class=\"NormalTextRun SCXW53311385 BCX0\"> to further their creative work: artistic residencies, co-<\/span><span class=\"NormalTextRun ContextualSpellingAndGrammarErrorV2Themed SCXW53311385 BCX0\">productions<\/span><span class=\"NormalTextRun SCXW53311385 BCX0\">, and diffusion dates.<\/span><\/span><span class=\"EOP SCXW53311385 BCX0\" data-ccp-props=\"{&quot;134233117&quot;:false,&quot;134233118&quot;:false,&quot;335559738&quot;:240,&quot;335559739&quot;:240}\">\u00a0<\/span><\/p>\t\t\t\t\t\t<\/div>\n\t\t\t\t<\/div>\n\t\t\t\t\t<\/div>\n\t\t\t\t<\/div>\n\t\t<div class=\"elementor-element elementor-element-185e401 e-con-boxed e-flex e-con\" data-id=\"185e401\" data-element_type=\"container\" data-settings=\"{&quot;jet_parallax_layout_list&quot;:[],&quot;content_width&quot;:&quot;boxed&quot;}\">\n\t\t\t\t\t<div class=\"e-con-inner\">\n\t\t\t\t<div class=\"elementor-element elementor-element-df8209e elementor-widget-divider--view-line elementor-widget elementor-widget-divider\" data-id=\"df8209e\" data-element_type=\"widget\" data-widget_type=\"divider.default\">\n\t\t\t\t<div class=\"elementor-widget-container\">\n\t\t\t\t\t<div class=\"elementor-divider\">\n\t\t\t<span class=\"elementor-divider-separator\">\n\t\t\t\t\t\t<\/span>\n\t\t<\/div>\n\t\t\t\t<\/div>\n\t\t\t\t<\/div>\n\t\t\t\t<div class=\"elementor-element elementor-element-fb18b95 elementor-widget elementor-widget-shortcode\" data-id=\"fb18b95\" data-element_type=\"widget\" data-widget_type=\"shortcode.default\">\n\t\t\t\t<div class=\"elementor-widget-container\">\n\t\t\t\t\t<div class=\"elementor-shortcode\"><h3 class=\"crp-list-title\">Related Posts<\/h3><ul class=\"crp-list\"><li class=\"crp-list-item crp-list-item-image-none\"><div class=\"crp-list-item-meta\"><div class=\"crp-list-item-meta-row\"><span class=\"crp-list-item-date\">April 24, 2025<\/span><span class=\"crp-list-item-categories post_categories\"><a href=\"https:\/\/circusnext.eu\/category\/etape-de-travail\/\">ETAPE DE TRAVAIL<\/a><\/span><\/div><\/div><div class=\"crp-list-item-title\"><a href=\"https:\/\/circusnext.eu\/en\/circusnext-2025-revelations\/\">circusnext 2025 Revelations<\/a><\/div><a href=\"https:\/\/circusnext.eu\/en\/circusnext-2025-revelations\/\" class=\"button-read-more\"><span>READ MORE<\/span><i class=\"flaticon flaticon-right-arrow read-more-icon\"><\/i><\/a><\/li><li class=\"crp-list-item crp-list-item-image-none\"><div class=\"crp-list-item-meta\"><div class=\"crp-list-item-meta-row\"><span class=\"crp-list-item-date\">May 7, 2024<\/span><span class=\"crp-list-item-categories post_categories\"><a href=\"https:\/\/circusnext.eu\/en\/category\/work-in-progress-presentation\/\">WORK-IN-PROGRESS PRESENTATION<\/a><\/span><\/div><\/div><div class=\"crp-list-item-title\"><a href=\"https:\/\/circusnext.eu\/en\/circusnext-revelations-2024\/\">circusnext 2024 Revelations<\/a><\/div><a href=\"https:\/\/circusnext.eu\/en\/circusnext-revelations-2024\/\" class=\"button-read-more\"><span>READ MORE<\/span><i class=\"flaticon flaticon-right-arrow read-more-icon\"><\/i><\/a><\/li><\/ul><\/div>\n\t\t\t\t<\/div>\n\t\t\t\t<\/div>\n\t\t\t\t\t<\/div>\n\t\t\t\t<\/div>\n\t\t\t\t\t\t\t<\/div>\n\t\t","protected":false},"excerpt":{"rendered":"<p>La V\u00edspera \u00a9 Joseph Banderet circusnext Revelations The circusnext platform Laureates on stage: A public event to discover emerging voices in contemporary circus Each year, the circusnext laureate companies, selected from 12 finalists, present a fragment of their work-in-progress to the public at the Th\u00e9\u00e2tre de la Cit\u00e9 internationale\u00a0 4 contemporary circus work-in-progress in one [&hellip;]<\/p>\n","protected":false},"author":4,"featured_media":0,"parent":0,"menu_order":0,"comment_status":"closed","ping_status":"closed","template":"","meta":{"_mo_disable_npp":"","_exactmetrics_skip_tracking":false,"_exactmetrics_sitenote_active":false,"_exactmetrics_sitenote_note":"","_exactmetrics_sitenote_category":0,"_jet_sm_ready_style":"","_jet_sm_style":"","_jet_sm_controls_values":"","_jet_sm_fonts_collection":"","_jet_sm_fonts_links":"","footnotes":""},"class_list":["post-19887","page","type-page","status-publish","hentry"],"_links":{"self":[{"href":"https:\/\/circusnext.eu\/en\/wp-json\/wp\/v2\/pages\/19887","targetHints":{"allow":["GET"]}}],"collection":[{"href":"https:\/\/circusnext.eu\/en\/wp-json\/wp\/v2\/pages"}],"about":[{"href":"https:\/\/circusnext.eu\/en\/wp-json\/wp\/v2\/types\/page"}],"author":[{"embeddable":true,"href":"https:\/\/circusnext.eu\/en\/wp-json\/wp\/v2\/users\/4"}],"replies":[{"embeddable":true,"href":"https:\/\/circusnext.eu\/en\/wp-json\/wp\/v2\/comments?post=19887"}],"version-history":[{"count":9,"href":"https:\/\/circusnext.eu\/en\/wp-json\/wp\/v2\/pages\/19887\/revisions"}],"predecessor-version":[{"id":19920,"href":"https:\/\/circusnext.eu\/en\/wp-json\/wp\/v2\/pages\/19887\/revisions\/19920"}],"wp:attachment":[{"href":"https:\/\/circusnext.eu\/en\/wp-json\/wp\/v2\/media?parent=19887"}],"curies":[{"name":"wp","href":"https:\/\/api.w.org\/{rel}","templated":true}]}}