{"id":6456,"date":"2022-02-04T09:59:53","date_gmt":"2022-02-04T09:59:53","guid":{"rendered":"https:\/\/circusnext.eu\/home\/"},"modified":"2026-03-11T14:09:30","modified_gmt":"2026-03-11T14:09:30","slug":"home","status":"publish","type":"page","link":"https:\/\/circusnext.eu\/en\/","title":{"rendered":"Home"},"content":{"rendered":"\t\t<div data-elementor-type=\"wp-page\" data-elementor-id=\"6456\" class=\"elementor elementor-6456\">\n\t\t\t\t\t\t\t<div class=\"elementor-element elementor-element-698e115 e-con-boxed e-flex e-con\" data-id=\"698e115\" data-element_type=\"container\" data-settings=\"{&quot;jet_parallax_layout_list&quot;:[],&quot;content_width&quot;:&quot;boxed&quot;}\">\n\t\t\t\t\t<div class=\"e-con-inner\">\n\t\t\t\t<div class=\"elementor-element elementor-element-3af36be elementor--h-position-left elementor--v-position-middle elementor-arrows-position-inside elementor-pagination-position-inside elementor-widget elementor-widget-slides\" data-id=\"3af36be\" data-element_type=\"widget\" data-settings=\"{&quot;navigation&quot;:&quot;both&quot;,&quot;autoplay&quot;:&quot;yes&quot;,&quot;pause_on_hover&quot;:&quot;yes&quot;,&quot;pause_on_interaction&quot;:&quot;yes&quot;,&quot;autoplay_speed&quot;:5000,&quot;infinite&quot;:&quot;yes&quot;,&quot;transition&quot;:&quot;slide&quot;,&quot;transition_speed&quot;:500}\" data-widget_type=\"slides.default\">\n\t\t\t\t<div class=\"elementor-widget-container\">\n\t\t\t\t\t<div class=\"elementor-swiper\">\n\t\t\t<div class=\"elementor-slides-wrapper elementor-main-swiper swiper-container\" dir=\"ltr\" data-animation=\"fadeInUp\">\n\t\t\t\t<div class=\"swiper-wrapper elementor-slides\">\n\t\t\t\t\t\t\t\t\t\t<div class=\"elementor-repeater-item-b16a471 swiper-slide\"><div class=\"swiper-slide-bg\" role=\"img\"><\/div><a class=\"swiper-slide-inner\" href=\"https:\/\/circusnext.eu\/en\/artists\/\" target=\"_blank\"><div class=\"swiper-slide-contents\"><div class=\"elementor-slide-heading\">circusnext 2026 Finalists<\/div><div  class=\"elementor-button elementor-slide-button elementor-size-md\">Discover<\/div><\/div><\/a><\/div><div class=\"elementor-repeater-item-d65c1ef swiper-slide\"><div class=\"swiper-slide-bg\" role=\"img\"><\/div><a class=\"swiper-slide-inner\" href=\"https:\/\/circusnext.eu\/wp-content\/uploads\/2025\/07\/circusnext-platform-Editions-2023-2024-2025.pdf\" target=\"_blank\"><div class=\"swiper-slide-contents\"><div class=\"elementor-slide-heading\">2023\u20132025 Print Edition<\/div><div  class=\"elementor-button elementor-slide-button elementor-size-md\">Discover<\/div><\/div><\/a><\/div><div class=\"elementor-repeater-item-c83db85 swiper-slide\"><div class=\"swiper-slide-bg\" role=\"img\"><\/div><a class=\"swiper-slide-inner\" href=\"https:\/\/www.youtube.com\/watch?v=KerKkfBUCMY\" target=\"_blank\" rel=\"noopener\"><div class=\"swiper-slide-contents\"><div class=\"elementor-slide-heading\">2025 Aftermovie<\/div><div class=\"elementor-slide-description\">A look back at the 2025 edition<\/div><div  class=\"elementor-button elementor-slide-button elementor-size-md\">Discover<\/div><\/div><\/a><\/div><div class=\"elementor-repeater-item-d0b063b swiper-slide\"><div class=\"swiper-slide-bg\" role=\"img\"><\/div><a class=\"swiper-slide-inner\" href=\"https:\/\/circusnext.eu\/en\/winners-circusnext-2025\/\" target=\"_blank\"><div class=\"swiper-slide-contents\"><div class=\"elementor-slide-heading\">2025 Laureates<\/div><div class=\"elementor-slide-description\">The circusnext 2025 Laureates finally revealed!<\/div><div  class=\"elementor-button elementor-slide-button elementor-size-md\">Discover<\/div><\/div><\/a><\/div><div class=\"elementor-repeater-item-fef050f swiper-slide\"><div class=\"swiper-slide-bg elementor-ken-burns elementor-ken-burns--in\" role=\"img\"><\/div><div class=\"elementor-background-overlay\"><\/div><a class=\"swiper-slide-inner\" href=\"https:\/\/www.youtube.com\/watch?v=5D2wuuQ56yQ&#038;feature=youtu.be\" target=\"_blank\" rel=\"noopener\"><div class=\"swiper-slide-contents\"><div class=\"elementor-slide-heading\">What is circusnext?<\/div><div class=\"elementor-slide-description\"><p>A 2 minutes video to know everything<\/p>\n<\/div><div  class=\"elementor-button elementor-slide-button elementor-size-md\">Watch<\/div><\/div><\/a><\/div>\t\t\t\t<\/div>\n\t\t\t\t\t\t\t\t\t\t\t\t\t\t\t<div class=\"swiper-pagination\"><\/div>\n\t\t\t\t\t\t\t\t\t\t\t\t\t\t\t\t<div class=\"elementor-swiper-button elementor-swiper-button-prev\" role=\"button\" tabindex=\"0\">\n\t\t\t\t\t\t\t<i aria-hidden=\"true\" class=\"eicon-chevron-left\"><\/i>\t\t\t\t\t\t\t<span class=\"elementor-screen-only\">Previous slide<\/span>\n\t\t\t\t\t\t<\/div>\n\t\t\t\t\t\t<div class=\"elementor-swiper-button elementor-swiper-button-next\" role=\"button\" tabindex=\"0\">\n\t\t\t\t\t\t\t<i aria-hidden=\"true\" class=\"eicon-chevron-right\"><\/i>\t\t\t\t\t\t\t<span class=\"elementor-screen-only\">Next slide<\/span>\n\t\t\t\t\t\t<\/div>\n\t\t\t\t\t\t\t\t\t\t\t\t<\/div>\n\t\t<\/div>\n\t\t\t\t<\/div>\n\t\t\t\t<\/div>\n\t\t\t\t<div class=\"elementor-element elementor-element-0b1f2d9 elementor-widget-divider--view-line elementor-widget elementor-widget-divider\" data-id=\"0b1f2d9\" data-element_type=\"widget\" data-widget_type=\"divider.default\">\n\t\t\t\t<div class=\"elementor-widget-container\">\n\t\t\t\t\t<div class=\"elementor-divider\">\n\t\t\t<span class=\"elementor-divider-separator\">\n\t\t\t\t\t\t<\/span>\n\t\t<\/div>\n\t\t\t\t<\/div>\n\t\t\t\t<\/div>\n\t\t\t\t\t<\/div>\n\t\t\t\t<\/div>\n\t\t\t\t<section class=\"elementor-section elementor-top-section elementor-element elementor-element-051568d elementor-section-boxed elementor-section-height-default elementor-section-height-default\" data-id=\"051568d\" data-element_type=\"section\" data-settings=\"{&quot;jet_parallax_layout_list&quot;:[]}\">\n\t\t\t\t\t\t<div class=\"elementor-container elementor-column-gap-default\">\n\t\t\t\t\t<div class=\"elementor-column elementor-col-100 elementor-top-column elementor-element elementor-element-b36a890\" data-id=\"b36a890\" data-element_type=\"column\">\n\t\t\t<div class=\"elementor-widget-wrap elementor-element-populated\">\n\t\t\t\t\t\t\t\t<div class=\"elementor-element elementor-element-84017e6 acenter elementor-widget elementor-widget-wgl-double-heading\" data-id=\"84017e6\" data-element_type=\"widget\" data-widget_type=\"wgl-double-heading.default\">\n\t\t\t\t<div class=\"elementor-widget-container\">\n\t\t\t<div class=\"wgl-double-heading\"><h3 class=\"dblh__title-wrapper\"><span class=\"dblh__title dblh__title-1\">Our latest news<\/span><\/h3><\/div>\t\t<\/div>\n\t\t\t\t<\/div>\n\t\t\t\t\t<\/div>\n\t\t<\/div>\n\t\t\t\t\t\t\t<\/div>\n\t\t<\/section>\n\t\t\t\t<section class=\"elementor-section elementor-top-section elementor-element elementor-element-bdec371 elementor-section-boxed elementor-section-height-default elementor-section-height-default\" data-id=\"bdec371\" data-element_type=\"section\" data-settings=\"{&quot;jet_parallax_layout_list&quot;:[]}\">\n\t\t\t\t\t\t<div class=\"elementor-container elementor-column-gap-default\">\n\t\t\t\t\t<div class=\"elementor-column elementor-col-100 elementor-top-column elementor-element elementor-element-b73b473\" data-id=\"b73b473\" data-element_type=\"column\">\n\t\t\t<div class=\"elementor-widget-wrap elementor-element-populated\">\n\t\t\t\t\t\t\t\t<div class=\"elementor-element elementor-element-08bb720 elementor-widget elementor-widget-spacer\" data-id=\"08bb720\" data-element_type=\"widget\" data-widget_type=\"spacer.default\">\n\t\t\t\t<div class=\"elementor-widget-container\">\n\t\t\t\t\t<div class=\"elementor-spacer\">\n\t\t\t<div class=\"elementor-spacer-inner\"><\/div>\n\t\t<\/div>\n\t\t\t\t<\/div>\n\t\t\t\t<\/div>\n\t\t\t\t<div class=\"elementor-element elementor-element-3035d31 elementor-widget elementor-widget-wgl-blog\" data-id=\"3035d31\" data-element_type=\"widget\" data-settings=\"{&quot;blog_columns&quot;:&quot;3&quot;}\" data-widget_type=\"wgl-blog.default\">\n\t\t\t\t<div class=\"elementor-widget-container\">\n\t\t\t<section class=\"wgl_cpt_section\"><div class=\"blog-posts\"><div class=\"container-grid row blog_columns-4 grid blog-style-standard\">    <div class=\"item wgl_col-3\">\n    <div class=\"blog-post format-standard-image\">\n    <div class=\"blog-post_wrapper\"><div class=\"blog-post_media\"><div class=\"blog-post_media_part\"><a href=\"https:\/\/circusnext.eu\/en\/verena-schneider-2026-finalist-at-espace-peripherique-paris\/\" class=\"media-link image-overlay\"><img decoding=\"async\" src=\"https:\/\/circusnext.eu\/wp-content\/uploads\/2026\/04\/Web-finalist2-840x540.jpg\" alt=\"\" title=\"\"><\/a><\/div><\/div>    <div class=\"blog-post_content\"><div class=\"post_meta-wrap\"><div class=\"meta-data\"><span class=\"post_date\">April 16, 2026<\/span><span class=\"post_categories\"><span><a style=\"color: #161A1D;\" href=\"https:\/\/circusnext.eu\/category\/etape-de-travail\/\">ETAPE DE TRAVAIL<\/a><\/span><\/span><\/div><\/div><h3 class=\"blog-post_title\"><a href=\"https:\/\/circusnext.eu\/en\/verena-schneider-2026-finalist-at-espace-peripherique-paris\/\">Verena Schneider (2026 Finalist) at Espace P\u00e9riph\u00e9rique, Paris<\/a><\/h3><div class=\"clear\"><\/div><div class=\"blog-post_footer\">            <div class=\"read-more-wrap\">\n                <a href=\"https:\/\/circusnext.eu\/en\/verena-schneider-2026-finalist-at-espace-peripherique-paris\/\" class=\"button-read-more\"><span>Show more<\/span><i class=\"flaticon flaticon-right-arrow read-more-icon\"><\/i>\n                <\/a>\n            <\/div>    <\/div>\n    <\/div>\n    <\/div>\n    <\/div>\n    <\/div>    <div class=\"item wgl_col-3\">\n    <div class=\"blog-post format-standard-image\">\n    <div class=\"blog-post_wrapper\"><div class=\"blog-post_media\"><div class=\"blog-post_media_part\"><a href=\"https:\/\/circusnext.eu\/en\/carlos-landaeta-meneses-2026-finalist-at-lespace-peripherique-paris\/\" class=\"media-link image-overlay\"><img decoding=\"async\" src=\"https:\/\/circusnext.eu\/wp-content\/uploads\/2026\/04\/Web-finalist3-840x540.jpg\" alt=\"\" title=\"\"><\/a><\/div><\/div>    <div class=\"blog-post_content\"><div class=\"post_meta-wrap\"><div class=\"meta-data\"><span class=\"post_date\">April 16, 2026<\/span><span class=\"post_categories\"><span><a style=\"color: #161A1D;\" href=\"https:\/\/circusnext.eu\/en\/category\/work-in-progress\/\">WORK-IN-PROGRESS<\/a><\/span><\/span><\/div><\/div><h3 class=\"blog-post_title\"><a href=\"https:\/\/circusnext.eu\/en\/carlos-landaeta-meneses-2026-finalist-at-lespace-peripherique-paris\/\">Carlos Landaeta Meneses (2026 Finalist) at L&#8217;Espace P\u00e9riph\u00e9rique, Paris<\/a><\/h3><div class=\"clear\"><\/div><div class=\"blog-post_footer\">            <div class=\"read-more-wrap\">\n                <a href=\"https:\/\/circusnext.eu\/en\/carlos-landaeta-meneses-2026-finalist-at-lespace-peripherique-paris\/\" class=\"button-read-more\"><span>Show more<\/span><i class=\"flaticon flaticon-right-arrow read-more-icon\"><\/i>\n                <\/a>\n            <\/div>    <\/div>\n    <\/div>\n    <\/div>\n    <\/div>\n    <\/div>    <div class=\"item wgl_col-3\">\n    <div class=\"blog-post format-standard-image\">\n    <div class=\"blog-post_wrapper\"><div class=\"blog-post_media\"><div class=\"blog-post_media_part\"><a href=\"https:\/\/circusnext.eu\/en\/t-o-a-2026-finalists-at-lespace-peripherique-paris\/\" class=\"media-link image-overlay\"><img decoding=\"async\" src=\"https:\/\/circusnext.eu\/wp-content\/uploads\/2026\/03\/Web-finalist-840x540.jpg\" alt=\"\" title=\"\"><\/a><\/div><\/div>    <div class=\"blog-post_content\"><div class=\"post_meta-wrap\"><div class=\"meta-data\"><span class=\"post_date\">March 23, 2026<\/span><span class=\"post_categories\"><span><a style=\"color: #161A1D;\" href=\"https:\/\/circusnext.eu\/en\/category\/work-in-progress\/\">WORK-IN-PROGRESS<\/a><\/span><\/span><\/div><\/div><h3 class=\"blog-post_title\"><a href=\"https:\/\/circusnext.eu\/en\/t-o-a-2026-finalists-at-lespace-peripherique-paris\/\">T.O.A (2026 Finalists) at L&#8217;Espace P\u00e9riph\u00e9rique, Paris<\/a><\/h3><div class=\"clear\"><\/div><div class=\"blog-post_footer\">            <div class=\"read-more-wrap\">\n                <a href=\"https:\/\/circusnext.eu\/en\/t-o-a-2026-finalists-at-lespace-peripherique-paris\/\" class=\"button-read-more\"><span>Show more<\/span><i class=\"flaticon flaticon-right-arrow read-more-icon\"><\/i>\n                <\/a>\n            <\/div>    <\/div>\n    <\/div>\n    <\/div>\n    <\/div>\n    <\/div>    <div class=\"item wgl_col-3\">\n    <div class=\"blog-post format-standard-image\">\n    <div class=\"blog-post_wrapper\"><div class=\"blog-post_media\"><div class=\"blog-post_media_part\"><a href=\"https:\/\/circusnext.eu\/en\/astrat-disabilities-creativity\/\" class=\"media-link image-overlay\"><img decoding=\"async\" src=\"https:\/\/circusnext.eu\/wp-content\/uploads\/2026\/02\/Carlo-Cerato-Web2-scaled-840x540.jpg\" alt=\"\" title=\"\"><\/a><\/div><\/div>    <div class=\"blog-post_content\"><div class=\"post_meta-wrap\"><div class=\"meta-data\"><span class=\"post_date\">February 2, 2026<\/span><span class=\"post_categories\"><span><a href=\"https:\/\/circusnext.eu\/en\/category\/cultural-action\/\">CULTURAL ACTIVITIES<\/a><\/span><\/span><\/div><\/div><h3 class=\"blog-post_title\"><a href=\"https:\/\/circusnext.eu\/en\/astrat-disabilities-creativity\/\">Astrat &#8211; Disabilities &amp; Creativity<\/a><\/h3><div class=\"clear\"><\/div><div class=\"blog-post_footer\">            <div class=\"read-more-wrap\">\n                <a href=\"https:\/\/circusnext.eu\/en\/astrat-disabilities-creativity\/\" class=\"button-read-more\"><span>Show more<\/span><i class=\"flaticon flaticon-right-arrow read-more-icon\"><\/i>\n                <\/a>\n            <\/div>    <\/div>\n    <\/div>\n    <\/div>\n    <\/div>\n    <\/div>    <div class=\"item wgl_col-3\">\n    <div class=\"blog-post format-standard-image\">\n    <div class=\"blog-post_wrapper\"><div class=\"blog-post_media\"><div class=\"blog-post_media_part\"><a href=\"https:\/\/circusnext.eu\/en\/2026-finalist-labs\/\" class=\"media-link image-overlay\"><img decoding=\"async\" src=\"https:\/\/circusnext.eu\/wp-content\/uploads\/2025\/12\/Labs-Finaliste-840x540.jpg\" alt=\"\" title=\"\"><\/a><\/div><\/div>    <div class=\"blog-post_content\"><div class=\"post_meta-wrap\"><div class=\"meta-data\"><span class=\"post_date\">December 10, 2025<\/span><span class=\"post_categories\"><span><a style=\"color: #161A1D;\" href=\"https:\/\/circusnext.eu\/category\/laboratoire\/\">LABORATOIRE<\/a><\/span><\/span><\/div><\/div><h3 class=\"blog-post_title\"><a href=\"https:\/\/circusnext.eu\/en\/2026-finalist-labs\/\">2026 Finalist Labs<\/a><\/h3><div class=\"clear\"><\/div><div class=\"blog-post_footer\">            <div class=\"read-more-wrap\">\n                <a href=\"https:\/\/circusnext.eu\/en\/2026-finalist-labs\/\" class=\"button-read-more\"><span>Show more<\/span><i class=\"flaticon flaticon-right-arrow read-more-icon\"><\/i>\n                <\/a>\n            <\/div>    <\/div>\n    <\/div>\n    <\/div>\n    <\/div>\n    <\/div>    <div class=\"item wgl_col-3\">\n    <div class=\"blog-post format-standard-image\">\n    <div class=\"blog-post_wrapper\"><div class=\"blog-post_media\"><div class=\"blog-post_media_part\"><a href=\"https:\/\/circusnext.eu\/en\/lab-at-chatellerault-circus-school\/\" class=\"media-link image-overlay\"><img decoding=\"async\" src=\"https:\/\/circusnext.eu\/wp-content\/uploads\/2025\/11\/IMG_0098-scaled-840x540.jpg\" alt=\"\" title=\"\"><\/a><\/div><\/div>    <div class=\"blog-post_content\"><div class=\"post_meta-wrap\"><div class=\"meta-data\"><span class=\"post_date\">December 1, 2025<\/span><span class=\"post_categories\"><span><a style=\"color: #161A1D;\" href=\"https:\/\/circusnext.eu\/en\/category\/lab\/\">LAB<\/a><\/span><\/span><\/div><\/div><h3 class=\"blog-post_title\"><a href=\"https:\/\/circusnext.eu\/en\/lab-at-chatellerault-circus-school\/\">Lab at the Ch\u00e2tellerault Circus School<\/a><\/h3><div class=\"clear\"><\/div><div class=\"blog-post_footer\">            <div class=\"read-more-wrap\">\n                <a href=\"https:\/\/circusnext.eu\/en\/lab-at-chatellerault-circus-school\/\" class=\"button-read-more\"><span>Show more<\/span><i class=\"flaticon flaticon-right-arrow read-more-icon\"><\/i>\n                <\/a>\n            <\/div>    <\/div>\n    <\/div>\n    <\/div>\n    <\/div>\n    <\/div>    <div class=\"item wgl_col-3\">\n    <div class=\"blog-post format-standard-image\">\n    <div class=\"blog-post_wrapper\"><div class=\"blog-post_media\"><div class=\"blog-post_media_part\"><a href=\"https:\/\/circusnext.eu\/en\/2026-seeding-labs\/\" class=\"media-link image-overlay\"><img decoding=\"async\" src=\"https:\/\/circusnext.eu\/wp-content\/uploads\/2025\/11\/vignette-labs-1-840x540.jpg\" alt=\"\" title=\"\"><\/a><\/div><\/div>    <div class=\"blog-post_content\"><div class=\"post_meta-wrap\"><div class=\"meta-data\"><span class=\"post_date\">November 27, 2025<\/span><span class=\"post_categories\"><span><a style=\"color: #161A1D;\" href=\"https:\/\/circusnext.eu\/en\/category\/lab\/\">LAB<\/a><\/span><\/span><\/div><\/div><h3 class=\"blog-post_title\"><a href=\"https:\/\/circusnext.eu\/en\/2026-seeding-labs\/\">2026 Seeding Labs<\/a><\/h3><div class=\"clear\"><\/div><div class=\"blog-post_footer\">            <div class=\"read-more-wrap\">\n                <a href=\"https:\/\/circusnext.eu\/en\/2026-seeding-labs\/\" class=\"button-read-more\"><span>Show more<\/span><i class=\"flaticon flaticon-right-arrow read-more-icon\"><\/i>\n                <\/a>\n            <\/div>    <\/div>\n    <\/div>\n    <\/div>\n    <\/div>\n    <\/div>    <div class=\"item wgl_col-3\">\n    <div class=\"blog-post format-standard-image\">\n    <div class=\"blog-post_wrapper\"><div class=\"blog-post_media\"><div class=\"blog-post_media_part\"><a href=\"https:\/\/circusnext.eu\/en\/inbal-ben-haim-2021-laureate-at-the-theatre-de-rungis\/\" class=\"media-link image-overlay\"><img decoding=\"async\" src=\"https:\/\/circusnext.eu\/wp-content\/uploads\/2025\/10\/Gabarit-News-web-1-840x540.png\" alt=\"\" title=\"\"><\/a><\/div><\/div>    <div class=\"blog-post_content\"><div class=\"post_meta-wrap\"><div class=\"meta-data\"><span class=\"post_date\">October 23, 2025<\/span><span class=\"post_categories\"><span><a style=\"color: #161A1D;\" href=\"https:\/\/circusnext.eu\/en\/category\/show\/\">SHOW<\/a><\/span><\/span><\/div><\/div><h3 class=\"blog-post_title\"><a href=\"https:\/\/circusnext.eu\/en\/inbal-ben-haim-2021-laureate-at-the-theatre-de-rungis\/\">Inbal Ben Haim (2021 Laureate) at the Th\u00e9\u00e2tre de Rungis\u00a0<\/a><\/h3><div class=\"clear\"><\/div><div class=\"blog-post_footer\">            <div class=\"read-more-wrap\">\n                <a href=\"https:\/\/circusnext.eu\/en\/inbal-ben-haim-2021-laureate-at-the-theatre-de-rungis\/\" class=\"button-read-more\"><span>Show more<\/span><i class=\"flaticon flaticon-right-arrow read-more-icon\"><\/i>\n                <\/a>\n            <\/div>    <\/div>\n    <\/div>\n    <\/div>\n    <\/div>\n    <\/div><\/div><\/div><\/section>\t\t<\/div>\n\t\t\t\t<\/div>\n\t\t\t\t<div class=\"elementor-element elementor-element-fd3c2d8 elementor-widget elementor-widget-spacer\" data-id=\"fd3c2d8\" data-element_type=\"widget\" data-widget_type=\"spacer.default\">\n\t\t\t\t<div class=\"elementor-widget-container\">\n\t\t\t\t\t<div class=\"elementor-spacer\">\n\t\t\t<div class=\"elementor-spacer-inner\"><\/div>\n\t\t<\/div>\n\t\t\t\t<\/div>\n\t\t\t\t<\/div>\n\t\t\t\t<div class=\"elementor-element elementor-element-c42a073 acenter a-tabletleft a-mobilecenter elementor-widget elementor-widget-wgl-button\" data-id=\"c42a073\" data-element_type=\"widget\" data-widget_type=\"wgl-button.default\">\n\t\t\t\t<div class=\"elementor-widget-container\">\n\t\t\t<a  class=\"wgl-button btn-size-lg \" role=\"button\" href=\"https:\/\/circusnext.eu\/en\/news\/\"><div class=\"button__content \"><span class=\"button__text\">ALL NEWS<\/span><\/div><\/a>\t\t<\/div>\n\t\t\t\t<\/div>\n\t\t\t\t\t<\/div>\n\t\t<\/div>\n\t\t\t\t\t\t\t<\/div>\n\t\t<\/section>\n\t\t\t\t\t\t\t<\/div>\n\t\t","protected":false},"excerpt":{"rendered":"<p>circusnext 2026 FinalistsDiscover2023\u20132025 Print EditionDiscover2025 AftermovieA look back at the 2025 editionDiscover2025 LaureatesThe circusnext 2025 Laureates finally revealed!DiscoverWhat is circusnext? A 2 minutes video to know everything Watch Previous slide Next slide Our latest news d\u00e9cembre 10, 2025LAB 2026 Finalist Labs Show more d\u00e9cembre 1, 2025LAB Lab at the Ch\u00e2tellerault Circus School Show more novembre [&hellip;]<\/p>\n","protected":false},"author":1,"featured_media":0,"parent":0,"menu_order":0,"comment_status":"closed","ping_status":"closed","template":"","meta":{"_mo_disable_npp":"","_exactmetrics_skip_tracking":false,"_exactmetrics_sitenote_active":false,"_exactmetrics_sitenote_note":"","_exactmetrics_sitenote_category":0,"_jet_sm_ready_style":"","_jet_sm_style":"","_jet_sm_controls_values":"","_jet_sm_fonts_collection":"","_jet_sm_fonts_links":"","footnotes":""},"class_list":["post-6456","page","type-page","status-publish","hentry"],"_links":{"self":[{"href":"https:\/\/circusnext.eu\/en\/wp-json\/wp\/v2\/pages\/6456","targetHints":{"allow":["GET"]}}],"collection":[{"href":"https:\/\/circusnext.eu\/en\/wp-json\/wp\/v2\/pages"}],"about":[{"href":"https:\/\/circusnext.eu\/en\/wp-json\/wp\/v2\/types\/page"}],"author":[{"embeddable":true,"href":"https:\/\/circusnext.eu\/en\/wp-json\/wp\/v2\/users\/1"}],"replies":[{"embeddable":true,"href":"https:\/\/circusnext.eu\/en\/wp-json\/wp\/v2\/comments?post=6456"}],"version-history":[{"count":310,"href":"https:\/\/circusnext.eu\/en\/wp-json\/wp\/v2\/pages\/6456\/revisions"}],"predecessor-version":[{"id":21881,"href":"https:\/\/circusnext.eu\/en\/wp-json\/wp\/v2\/pages\/6456\/revisions\/21881"}],"wp:attachment":[{"href":"https:\/\/circusnext.eu\/en\/wp-json\/wp\/v2\/media?parent=6456"}],"curies":[{"name":"wp","href":"https:\/\/api.w.org\/{rel}","templated":true}]}}