{"id":6722,"date":"2022-12-16T15:28:13","date_gmt":"2022-12-16T15:28:13","guid":{"rendered":"https:\/\/circusnext.eu\/legal-notice\/"},"modified":"2023-03-01T14:13:40","modified_gmt":"2023-03-01T14:13:40","slug":"legal-notice","status":"publish","type":"page","link":"https:\/\/circusnext.eu\/en\/legal-notice\/","title":{"rendered":"Legal notice"},"content":{"rendered":"\t\t<div data-elementor-type=\"wp-page\" data-elementor-id=\"6722\" class=\"elementor elementor-6722\">\n\t\t\t\t\t\t\t<div class=\"elementor-element elementor-element-785b74f e-con-boxed e-flex e-con\" data-id=\"785b74f\" data-element_type=\"container\" data-settings=\"{&quot;content_width&quot;:&quot;boxed&quot;,&quot;jet_parallax_layout_list&quot;:[]}\">\n\t\t\t\t\t<div class=\"e-con-inner\">\n\t\t\t\t<div class=\"elementor-element elementor-element-5a30ad8 elementor-widget elementor-widget-text-editor\" data-id=\"5a30ad8\" data-element_type=\"widget\" data-widget_type=\"text-editor.default\">\n\t\t\t\t<div class=\"elementor-widget-container\">\n\t\t\t\t\t\t\t<p><strong><span>1. Pr\u00e9sentation du site<\/span><\/strong><\/p>\n<p>Conform\u00e9ment aux dispositions des articles 6-III et 19 de la Loi n\u00b0 2004-575 du 21 juin 2004 pour la Confiance dans l\u2019\u00e9conomie num\u00e9rique, dite L.C.E.N., nous portons \u00e0 la connaissance des utilisateurs et visiteurs du site :<span> <\/span><a href=\"http:\/\/www.circusnext.eu\/\" target=\"_blank\" rel=\"noopener\">www.circusnext.eu<\/a> les informations suivantes :<\/p>\n<p><span><strong>Informations l\u00e9gales :<\/strong><\/span><\/p>\n<p>Statut du propri\u00e9taire :<span> <\/span><strong>Association<\/strong><br \/>Pr\u00e9fixe : <strong>circusnext<\/strong><br \/>Nom de l\u2019association :<strong> circusnext<\/strong><br \/>Adresse :<span> <\/span><strong>15-17 villa Saint-Jacques,<span> <\/span><\/strong><strong>75014 Paris<\/strong><br \/>T\u00e9l : <strong>0143404860<\/strong><br \/>SIRET : <span> <\/span><strong>495 387 813 00035  <\/strong><br \/>Licences d\u2019entrepreneur de spectacle :<span> <\/span><strong>2-1109107<span> <\/span><\/strong>et<strong><span> <\/span>3-1109108<br \/><\/strong>circusnext est une <em>marque d\u00e9pos\u00e9e<\/em> \u00e0 l\u2019<em>INPI<\/em><span> <\/span>sous les num\u00e9ros<span> <\/span><strong>4413452<span> <\/span><\/strong>et<span> <\/span><strong>4413459  <\/strong><br \/>Adresse de courrier \u00e9lectronique : <strong>info@circusnext.eu<\/strong><\/p>\n<p><em>circusnext, association loi 1901, est subventionn\u00e9e par le programme Europe cr\u00e9ative de l\u2019Union europ\u00e9enne, le minist\u00e8re de la Culture, la Ville de Paris, la r\u00e9gion Ile-de-France, la SACD et l\u2019Institut Fran\u00e7ais. <\/em><\/p>\n<p><span><strong>\u00c9diteur :<\/strong><\/span><\/p>\n<p>Le Responsable de la publication est :<span> <\/span><strong>project<\/strong><br \/>Contactez le responsable de la publication : <strong>info@circusnext.eu<\/strong><br \/>Le responsable de la publication est une <strong>personne physique<\/strong><\/p>\n<p><span><strong>Conception du site et graphisme :<\/strong><\/span><\/p>\n<p>Design et interface :<span><a href=\"https:\/\/lucasbazin.com\/\" target=\"_blank\" rel=\"noopener\"><strong>Lucasbazin.com<\/strong><\/a><\/span><br \/>Le Webmaster est : <a href=\"https:\/\/lucasbazin.com\/\" target=\"_blank\" rel=\"noopener\"><strong>Lucasbazin.com<\/strong><\/a><br \/>Contactez le Webmaster : <strong><a href=\"mailto:lucas.bazin0@gmail.com\">lucas.bazin0@gmail.com<\/a><\/strong><\/p>\n<p><span><strong>H\u00e9bergeur :<\/strong><\/span><\/p>\n<p>L\u2019h\u00e9bergeur du site est :<span> <\/span><strong>OVH 2 rue Kellermann 59100 Roubaix \u2013 France<\/strong><\/p>\n<\/p>\n<p><span><strong>2. Description des services fournis<\/strong><\/span><\/p>\n<p>Le site <a href=\"http:\/\/www.circusnext.eu\/\" target=\"_blank\" rel=\"noopener\">www.circusnext.eu<\/a> a pour objet de fournir une information concernant l\u2019ensemble des activit\u00e9s de la soci\u00e9t\u00e9.<br \/>circusnext s\u2019efforce de fournir sur le site<span> <\/span><a href=\"http:\/\/www.circusnext.eu\/\" target=\"_blank\" rel=\"noopener\">www.circusnext.eu<\/a> des informations aussi pr\u00e9cises que possible. Toutefois, il ne pourra \u00eatre tenue responsable des omissions, des inexactitudes et des carences dans la mise \u00e0 jour, qu\u2019elles soient de son fait ou du fait des tiers partenaires qui lui fournissent ces informations.<br \/>Tous les informations propos\u00e9es sur le site <a href=\"http:\/\/www.circusnext.eu\/\" target=\"_blank\" rel=\"noopener\">www.circusnext.eu<\/a><span> <\/span>sont donn\u00e9es \u00e0 titre indicatif, sont non exhaustives, et sont susceptibles d\u2019\u00e9voluer. Elles sont donn\u00e9es sous r\u00e9serve de modifications ayant \u00e9t\u00e9 apport\u00e9es depuis leur mise en ligne.<\/p>\n<\/p>\n<p><span><strong>3. Propri\u00e9t\u00e9 intellectuelle et contrefa\u00e7ons<\/strong><\/span><\/p>\n<p>circusnext est propri\u00e9taire des droits de propri\u00e9t\u00e9 intellectuelle ou d\u00e9tient les droits d\u2019usage sur tous les \u00e9l\u00e9ments accessibles sur le site, notamment les textes, images, graphismes, logo, ic\u00f4nes, sons, logiciels\u2026<br \/>Toute reproduction, repr\u00e9sentation, modification, publication, adaptation totale ou partielle des \u00e9l\u00e9ments du site, quel que soit le moyen ou le proc\u00e9d\u00e9 utilis\u00e9, est interdite, sauf autorisation \u00e9crite pr\u00e9alable \u00e0 l\u2019email : <a href=\"mailto:lucas.bazin0@gmail.com\"><strong>lucas.bazin0@gmail.com<\/strong><\/a><br \/>Toute exploitation non autoris\u00e9e du site ou de l\u2019un quelconque de ces \u00e9l\u00e9ments qu\u2019il contient sera consid\u00e9r\u00e9e comme constitutive d\u2019une contrefa\u00e7on et poursuivie conform\u00e9ment aux dispositions des articles L.335-2 et suivants du Code de Propri\u00e9t\u00e9 Intellectuelle.<\/p>\n\t\t\t\t\t\t<\/div>\n\t\t\t\t<\/div>\n\t\t\t\t\t<\/div>\n\t\t\t\t<\/div>\n\t\t\t\t\t\t\t<\/div>\n\t\t","protected":false},"excerpt":{"rendered":"<p>1. Pr\u00e9sentation du site Conform\u00e9ment aux dispositions des articles 6-III et 19 de la Loi n\u00b0 2004-575 du 21 juin 2004 pour la Confiance dans l\u2019\u00e9conomie num\u00e9rique, dite L.C.E.N., nous portons \u00e0 la connaissance des utilisateurs et visiteurs du site : www.circusnext.eu les informations suivantes : Informations l\u00e9gales : Statut du propri\u00e9taire : AssociationPr\u00e9fixe : [&hellip;]<\/p>\n","protected":false},"author":1,"featured_media":0,"parent":0,"menu_order":0,"comment_status":"closed","ping_status":"closed","template":"","meta":{"_mo_disable_npp":"","_exactmetrics_skip_tracking":false,"_exactmetrics_sitenote_active":false,"_exactmetrics_sitenote_note":"","_exactmetrics_sitenote_category":0,"_jet_sm_ready_style":"","_jet_sm_style":"","_jet_sm_controls_values":"","_jet_sm_fonts_collection":"","_jet_sm_fonts_links":"","footnotes":""},"class_list":["post-6722","page","type-page","status-publish","hentry"],"_links":{"self":[{"href":"https:\/\/circusnext.eu\/en\/wp-json\/wp\/v2\/pages\/6722","targetHints":{"allow":["GET"]}}],"collection":[{"href":"https:\/\/circusnext.eu\/en\/wp-json\/wp\/v2\/pages"}],"about":[{"href":"https:\/\/circusnext.eu\/en\/wp-json\/wp\/v2\/types\/page"}],"author":[{"embeddable":true,"href":"https:\/\/circusnext.eu\/en\/wp-json\/wp\/v2\/users\/1"}],"replies":[{"embeddable":true,"href":"https:\/\/circusnext.eu\/en\/wp-json\/wp\/v2\/comments?post=6722"}],"version-history":[{"count":1,"href":"https:\/\/circusnext.eu\/en\/wp-json\/wp\/v2\/pages\/6722\/revisions"}],"predecessor-version":[{"id":6723,"href":"https:\/\/circusnext.eu\/en\/wp-json\/wp\/v2\/pages\/6722\/revisions\/6723"}],"wp:attachment":[{"href":"https:\/\/circusnext.eu\/en\/wp-json\/wp\/v2\/media?parent=6722"}],"curies":[{"name":"wp","href":"https:\/\/api.w.org\/{rel}","templated":true}]}}