{"id":9806,"date":"2023-07-24T15:14:37","date_gmt":"2023-07-24T15:14:37","guid":{"rendered":"https:\/\/circusnext.eu\/?page_id=9806"},"modified":"2023-11-16T15:27:09","modified_gmt":"2023-11-16T15:27:09","slug":"supports-we-provide","status":"publish","type":"page","link":"https:\/\/circusnext.eu\/en\/supports-we-provide\/","title":{"rendered":"Supports we provide"},"content":{"rendered":"\t\t<div data-elementor-type=\"wp-page\" data-elementor-id=\"9806\" class=\"elementor elementor-9806\">\n\t\t\t\t\t\t\t\t\t<section class=\"elementor-section elementor-top-section elementor-element elementor-element-99d0170 elementor-section-boxed elementor-section-height-default elementor-section-height-default\" data-id=\"99d0170\" data-element_type=\"section\" data-settings=\"{&quot;jet_parallax_layout_list&quot;:[]}\">\n\t\t\t\t\t\t<div class=\"elementor-container elementor-column-gap-default\">\n\t\t\t\t\t<div class=\"elementor-column elementor-col-100 elementor-top-column elementor-element elementor-element-dc56649\" data-id=\"dc56649\" data-element_type=\"column\">\n\t\t\t<div class=\"elementor-widget-wrap elementor-element-populated\">\n\t\t\t\t\t\t\t\t<div class=\"elementor-element elementor-element-33eddae acenter elementor-widget elementor-widget-wgl-double-heading\" data-id=\"33eddae\" data-element_type=\"widget\" data-widget_type=\"wgl-double-heading.default\">\n\t\t\t\t<div class=\"elementor-widget-container\">\n\t\t\t<div class=\"wgl-double-heading\"><h3 class=\"dblh__title-wrapper\"><span class=\"dblh__title dblh__title-1\">The supports we provide<\/span><\/h3><\/div>\t\t<\/div>\n\t\t\t\t<\/div>\n\t\t\t\t\t<\/div>\n\t\t<\/div>\n\t\t\t\t\t\t\t<\/div>\n\t\t<\/section>\n\t\t<div class=\"elementor-element elementor-element-08429dc e-con-boxed e-flex e-con\" data-id=\"08429dc\" data-element_type=\"container\" data-settings=\"{&quot;jet_parallax_layout_list&quot;:[],&quot;content_width&quot;:&quot;boxed&quot;}\">\n\t\t\t\t\t<div class=\"e-con-inner\">\n\t\t\t\t<div class=\"elementor-element elementor-element-a1fadee elementor-widget elementor-widget-text-editor\" data-id=\"a1fadee\" data-element_type=\"widget\" data-widget_type=\"text-editor.default\">\n\t\t\t\t<div class=\"elementor-widget-container\">\n\t\t\t\t\t\t\t<p><span data-contrast=\"none\">Visibility and support are provided to the artists at each step of our selection.<\/span><\/p><p><i><span data-contrast=\"none\">circusnext covers all transport, accommodation and meals costs for all activities.<\/span><\/i><span data-ccp-props=\"{&quot;134233117&quot;:false,&quot;134233118&quot;:false,&quot;201341983&quot;:0,&quot;335551550&quot;:1,&quot;335551620&quot;:1,&quot;335559685&quot;:0,&quot;335559737&quot;:0,&quot;335559738&quot;:0,&quot;335559739&quot;:0,&quot;335559740&quot;:259}\">\u00a0<\/span><\/p><p><span data-contrast=\"none\">\u202f<\/span><span data-ccp-props=\"{&quot;134233117&quot;:false,&quot;134233118&quot;:false,&quot;201341983&quot;:0,&quot;335551550&quot;:1,&quot;335551620&quot;:1,&quot;335559685&quot;:0,&quot;335559737&quot;:0,&quot;335559738&quot;:0,&quot;335559739&quot;:0,&quot;335559740&quot;:259}\">\u00a0<\/span><\/p><h5>For pre-selected projects<\/h5><ul><li><span data-contrast=\"none\"> <\/span><b><span data-contrast=\"none\">Artistic Laboratory at a Platform member\u2019s venue abroad<\/span><\/b><span data-contrast=\"none\"> (outside the country of application)<\/span><span data-contrast=\"none\">\u202f<\/span><span data-ccp-props=\"{&quot;134233117&quot;:false,&quot;134233118&quot;:false,&quot;201341983&quot;:0,&quot;335551550&quot;:1,&quot;335551620&quot;:1,&quot;335559685&quot;:0,&quot;335559737&quot;:0,&quot;335559738&quot;:0,&quot;335559739&quot;:0,&quot;335559740&quot;:259}\"><\/span><\/li><\/ul><p><span data-contrast=\"none\">Each lab gathers 8 to 9 pre-selected authors from different countries for 10 days and is facilitated by an experienced artist. The main goal is to bring authors to work collectively on each other\u2019s projects.\u202f<\/span><span data-contrast=\"none\">\u202f<\/span><span data-ccp-props=\"{&quot;134233117&quot;:false,&quot;134233118&quot;:false,&quot;201341983&quot;:0,&quot;335551550&quot;:1,&quot;335551620&quot;:1,&quot;335559685&quot;:0,&quot;335559737&quot;:0,&quot;335559738&quot;:0,&quot;335559739&quot;:0,&quot;335559740&quot;:259}\">\u00a0<\/span><\/p><p><span data-ccp-props=\"{&quot;134233117&quot;:false,&quot;134233118&quot;:false,&quot;201341983&quot;:0,&quot;335551550&quot;:1,&quot;335551620&quot;:1,&quot;335559685&quot;:0,&quot;335559737&quot;:0,&quot;335559738&quot;:0,&quot;335559739&quot;:0,&quot;335559740&quot;:259}\">\u00a0<\/span><\/p><h5>For Finalists projects<\/h5><ul><li><span data-contrast=\"none\"> <\/span><b><span data-contrast=\"none\">\u20ac 3,000 grant\u202f<\/span><\/b><b><span data-contrast=\"none\">\u202f<\/span><\/b><span data-ccp-props=\"{&quot;134233117&quot;:false,&quot;134233118&quot;:false,&quot;201341983&quot;:0,&quot;335551550&quot;:1,&quot;335551620&quot;:1,&quot;335559685&quot;:0,&quot;335559737&quot;:0,&quot;335559738&quot;:0,&quot;335559739&quot;:0,&quot;335559740&quot;:259}\"><\/span><\/li><li><span data-contrast=\"none\"> <\/span><b><span data-contrast=\"none\">European residency and work-in-progres showcase opportunities <\/span><\/b><span data-contrast=\"none\">at circusnext Platform members\u2019 venues<\/span><span data-contrast=\"none\"><\/span><span data-ccp-props=\"{&quot;134233117&quot;:false,&quot;134233118&quot;:false,&quot;201341983&quot;:0,&quot;335551550&quot;:1,&quot;335551620&quot;:1,&quot;335559685&quot;:0,&quot;335559737&quot;:0,&quot;335559738&quot;:0,&quot;335559739&quot;:0,&quot;335559740&quot;:259}\"><\/span><\/li><li><span data-contrast=\"none\"> <\/span><b><span data-contrast=\"none\">Encounters <\/span><\/b><span data-contrast=\"none\">with European professionals\u202f<\/span><span data-contrast=\"none\">\u202f<\/span><span data-ccp-props=\"{&quot;134233117&quot;:false,&quot;134233118&quot;:false,&quot;201341983&quot;:0,&quot;335551550&quot;:1,&quot;335551620&quot;:1,&quot;335559685&quot;:0,&quot;335559737&quot;:0,&quot;335559738&quot;:0,&quot;335559739&quot;:0,&quot;335559740&quot;:259}\"><\/span><\/li><li><span data-contrast=\"none\"> <\/span><b><span data-contrast=\"none\">A 20-min on-stage presentation of artistic research<\/span><\/b><span data-contrast=\"none\"> in front of European professionals in Paris at Th\u00e9\u00e2tre de la Cit\u00e9 Internationale, during the Selection of Laureates event<\/span><span data-ccp-props=\"{&quot;134233117&quot;:false,&quot;134233118&quot;:false,&quot;201341983&quot;:0,&quot;335551550&quot;:1,&quot;335551620&quot;:1,&quot;335559685&quot;:0,&quot;335559737&quot;:0,&quot;335559738&quot;:0,&quot;335559739&quot;:0,&quot;335559740&quot;:259}\"><\/span><\/li><\/ul><p><span data-contrast=\"none\">\u202f<\/span><span data-ccp-props=\"{&quot;134233117&quot;:false,&quot;134233118&quot;:false,&quot;201341983&quot;:0,&quot;335551550&quot;:1,&quot;335551620&quot;:1,&quot;335559685&quot;:0,&quot;335559737&quot;:0,&quot;335559738&quot;:0,&quot;335559739&quot;:0,&quot;335559740&quot;:259}\">\u00a0<\/span><\/p><h5>For Laureate projects<\/h5><ul><li><span data-contrast=\"none\"> A 20-min on-stage presentation of artistic research in front of general audience in Paris at Th\u00e9\u00e2tre de la Cit\u00e9 internationale, during the \u201ccircusnext Revelations\u201d event<\/span><span data-ccp-props=\"{&quot;134233117&quot;:false,&quot;134233118&quot;:false,&quot;201341983&quot;:0,&quot;335551550&quot;:1,&quot;335551620&quot;:1,&quot;335559685&quot;:0,&quot;335559737&quot;:0,&quot;335559738&quot;:0,&quot;335559739&quot;:0,&quot;335559740&quot;:259}\"><\/span><\/li><li><span data-contrast=\"none\"> One year of possible opportunities for residencies, touring &amp; networking at circusnext Platform members venues<\/span><span data-ccp-props=\"{&quot;134233117&quot;:false,&quot;134233118&quot;:false,&quot;201341983&quot;:0,&quot;335551550&quot;:1,&quot;335551620&quot;:1,&quot;335559685&quot;:0,&quot;335559737&quot;:0,&quot;335559738&quot;:0,&quot;335559739&quot;:0,&quot;335559740&quot;:259}\"><\/span><\/li><\/ul>\t\t\t\t\t\t<\/div>\n\t\t\t\t<\/div>\n\t\t\t\t\t<\/div>\n\t\t\t\t<\/div>\n\t\t\t\t\t\t\t<\/div>\n\t\t","protected":false},"excerpt":{"rendered":"<p>The supports we provide Visibility and support are provided to the artists at each step of our selection. circusnext covers all transport, accommodation and meals costs for all activities.\u00a0 \u202f\u00a0 For pre-selected projects Artistic Laboratory at a Platform member\u2019s venue abroad (outside the country of application)\u202f Each lab gathers 8 to 9 pre-selected authors from [&hellip;]<\/p>\n","protected":false},"author":4,"featured_media":0,"parent":0,"menu_order":0,"comment_status":"closed","ping_status":"closed","template":"","meta":{"_mo_disable_npp":"","_exactmetrics_skip_tracking":false,"_exactmetrics_sitenote_active":false,"_exactmetrics_sitenote_note":"","_exactmetrics_sitenote_category":0,"_jet_sm_ready_style":"","_jet_sm_style":"","_jet_sm_controls_values":"","_jet_sm_fonts_collection":"","_jet_sm_fonts_links":"","footnotes":""},"class_list":["post-9806","page","type-page","status-publish","hentry"],"_links":{"self":[{"href":"https:\/\/circusnext.eu\/en\/wp-json\/wp\/v2\/pages\/9806","targetHints":{"allow":["GET"]}}],"collection":[{"href":"https:\/\/circusnext.eu\/en\/wp-json\/wp\/v2\/pages"}],"about":[{"href":"https:\/\/circusnext.eu\/en\/wp-json\/wp\/v2\/types\/page"}],"author":[{"embeddable":true,"href":"https:\/\/circusnext.eu\/en\/wp-json\/wp\/v2\/users\/4"}],"replies":[{"embeddable":true,"href":"https:\/\/circusnext.eu\/en\/wp-json\/wp\/v2\/comments?post=9806"}],"version-history":[{"count":5,"href":"https:\/\/circusnext.eu\/en\/wp-json\/wp\/v2\/pages\/9806\/revisions"}],"predecessor-version":[{"id":11435,"href":"https:\/\/circusnext.eu\/en\/wp-json\/wp\/v2\/pages\/9806\/revisions\/11435"}],"wp:attachment":[{"href":"https:\/\/circusnext.eu\/en\/wp-json\/wp\/v2\/media?parent=9806"}],"curies":[{"name":"wp","href":"https:\/\/api.w.org\/{rel}","templated":true}]}}